{"id":3544,"date":"2021-06-16T18:53:33","date_gmt":"2021-06-16T21:53:33","guid":{"rendered":"https:\/\/ideiagraficaebrindes.com.br\/?post_type=product&#038;p=3544"},"modified":"2021-07-13T09:27:20","modified_gmt":"2021-07-13T12:27:20","slug":"bloco-de-anotacoes-ecologico","status":"publish","type":"product","link":"https:\/\/ideiagraficaebrindes.com.br\/en\/product\/bloco-de-anotacoes-ecologico\/","title":{"rendered":"Bloco de Anota\u00e7\u00f5es Ecol\u00f3gico"},"content":{"rendered":"<p>Bloco de anota\u00e7\u00e3o ecol\u00f3gico com s\u00edmbolo reciclado na capa, acompanha com as folhas: vermelha, amarela, laranja, azul, verde e preto, possibilitando deixar a cor desejada como fundo do logo reciclado.<\/p>\n<p>Possui aproximadamente 70 folhas brancas pautadas com logo reciclado na lateral inferior das folhas, possui tamb\u00e9m el\u00e1stico suporte para caneta(n\u00e3o acompanha caneta).<\/p>\n<p><strong>Medidas aproximadas para grava\u00e7\u00e3o<\/strong><span class=\"desc-sub\"><strong>\u00a0(CxL):<\/strong>\u00a0 9,5 cm x 11,5 cm<\/span><\/p>\n<div class=\"desc\">\n<p class=\"desc-tit\"><strong>Tamanho total aproximado\u00a0<\/strong><span class=\"desc-sub\"><strong>\u00a0(CxL):\u00a0<\/strong> 18 cm x 15 cm<\/span><\/p>\n<\/div>\n<div class=\"desc\">\n<p class=\"desc-tit\"><strong>Peso aproximado<\/strong><span class=\"desc-sub\"><strong>\u00a0(g):\u00a0<\/strong> 163<\/span><\/p>\n<\/div>","protected":false},"excerpt":{"rendered":"<p>Bloco de anota\u00e7\u00e3o ecol\u00f3gico com s\u00edmbolo reciclado na capa, acompanha com as folhas: vermelha, amarela, laranja, azul, verde e preto, possibilitando deixar a cor desejada como fundo do logo reciclado.<\/p>\n<p>Possui aproximadamente 70 folhas brancas pautadas com logo reciclado na lateral inferior das folhas, possui tamb\u00e9m el\u00e1stico suporte para caneta(n\u00e3o acompanha caneta).<\/p>\n<p><strong>Medidas aproximadas para grava\u00e7\u00e3o<\/strong><span class=\"desc-sub\"><strong>\u00a0(CxL):<\/strong>\u00a0 9,5 cm x 11,5 cm<\/span><\/p>\n<div class=\"desc\">\n<p class=\"desc-tit\"><strong>Tamanho total aproximado\u00a0<\/strong><span class=\"desc-sub\"><strong>\u00a0(CxL):\u00a0<\/strong> 18 cm x 15 cm<\/span><\/p>\n<\/div>\n<div class=\"desc\">\n<p class=\"desc-tit\"><strong>Peso aproximado<\/strong><span class=\"desc-sub\"><strong>\u00a0(g):\u00a0<\/strong> 163<\/span><\/p>\n<\/div>","protected":false},"featured_media":3549,"comment_status":"open","ping_status":"closed","template":"","meta":{"_monsterinsights_skip_tracking":false,"_monsterinsights_sitenote_active":false,"_monsterinsights_sitenote_note":"","_monsterinsights_sitenote_category":0},"product_brand":[],"product_cat":[196,219,198],"product_tag":[106,109,108,111,110],"class_list":{"0":"post-3544","1":"product","2":"type-product","3":"status-publish","4":"has-post-thumbnail","6":"product_cat-blocos-e-cadernetas","7":"product_cat-brindes","8":"product_cat-escritorio","9":"product_tag-bloco-de-anotacoes","10":"product_tag-blocos-com-caneta","11":"product_tag-blocos-e-cadernetas","12":"product_tag-brindes-ecologico","13":"product_tag-linha-ecologica","15":"first","16":"instock","17":"sold-individually","18":"shipping-taxable","19":"purchasable","20":"product-type-simple"},"yoast_head":"<!-- This site is optimized with the Yoast SEO plugin v27.4 - https:\/\/yoast.com\/product\/yoast-seo-wordpress\/ -->\n<title>Bloco de Anota\u00e7\u00f5es Ecol\u00f3gico - Ideia Gr\u00e1fica e Brindes<\/title>\n<meta name=\"robots\" content=\"index, follow, max-snippet:-1, max-image-preview:large, max-video-preview:-1\" \/>\n<link rel=\"canonical\" href=\"https:\/\/ideiagraficaebrindes.com.br\/en\/product\/bloco-de-anotacoes-ecologico\/\" \/>\n<meta property=\"og:locale\" content=\"en_US\" \/>\n<meta property=\"og:type\" content=\"article\" \/>\n<meta property=\"og:title\" content=\"Bloco de Anota\u00e7\u00f5es Ecol\u00f3gico - Ideia Gr\u00e1fica e Brindes\" \/>\n<meta property=\"og:description\" content=\"Bloco de anota\u00e7\u00e3o ecol\u00f3gico com s\u00edmbolo reciclado na capa, acompanha com as folhas: vermelha, amarela, laranja, azul, verde e preto, possibilitando deixar a cor desejada como fundo do logo reciclado.  Possui aproximadamente 70 folhas brancas pautadas com logo reciclado na lateral inferior das folhas, possui tamb\u00e9m el\u00e1stico suporte para caneta(n\u00e3o acompanha caneta).  Medidas aproximadas para grava\u00e7\u00e3o\u00a0(CxL):\u00a0 9,5 cm x 11,5 cm  Tamanho total aproximado\u00a0\u00a0(CxL):\u00a0 18 cm x 15 cm    Peso aproximado\u00a0(g):\u00a0 163\" \/>\n<meta property=\"og:url\" content=\"https:\/\/ideiagraficaebrindes.com.br\/en\/product\/bloco-de-anotacoes-ecologico\/\" \/>\n<meta property=\"og:site_name\" content=\"Ideia Gr\u00e1fica e Brindes\" \/>\n<meta property=\"article:modified_time\" content=\"2021-07-13T12:27:20+00:00\" \/>\n<meta property=\"og:image\" content=\"https:\/\/ideiagraficaebrindes.com.br\/wp-content\/uploads\/2021\/06\/capa-scaled.jpg\" \/>\n\t<meta property=\"og:image:width\" content=\"2560\" \/>\n\t<meta property=\"og:image:height\" content=\"2560\" \/>\n\t<meta property=\"og:image:type\" content=\"image\/jpeg\" \/>\n<meta name=\"twitter:card\" content=\"summary_large_image\" \/>\n<meta name=\"twitter:label1\" content=\"Est. reading time\" \/>\n\t<meta name=\"twitter:data1\" content=\"1 minute\" \/>\n<script type=\"application\/ld+json\" class=\"yoast-schema-graph\">{\"@context\":\"https:\\\/\\\/schema.org\",\"@graph\":[{\"@type\":\"WebPage\",\"@id\":\"https:\\\/\\\/ideiagraficaebrindes.com.br\\\/produto\\\/bloco-de-anotacoes-ecologico\\\/\",\"url\":\"https:\\\/\\\/ideiagraficaebrindes.com.br\\\/produto\\\/bloco-de-anotacoes-ecologico\\\/\",\"name\":\"Bloco de Anota\u00e7\u00f5es Ecol\u00f3gico - Ideia Gr\u00e1fica e Brindes\",\"isPartOf\":{\"@id\":\"https:\\\/\\\/ideiagraficaebrindes.com.br\\\/#website\"},\"primaryImageOfPage\":{\"@id\":\"https:\\\/\\\/ideiagraficaebrindes.com.br\\\/produto\\\/bloco-de-anotacoes-ecologico\\\/#primaryimage\"},\"image\":{\"@id\":\"https:\\\/\\\/ideiagraficaebrindes.com.br\\\/produto\\\/bloco-de-anotacoes-ecologico\\\/#primaryimage\"},\"thumbnailUrl\":\"https:\\\/\\\/ideiagraficaebrindes.com.br\\\/wp-content\\\/uploads\\\/2021\\\/06\\\/capa-scaled.jpg\",\"datePublished\":\"2021-06-16T21:53:33+00:00\",\"dateModified\":\"2021-07-13T12:27:20+00:00\",\"breadcrumb\":{\"@id\":\"https:\\\/\\\/ideiagraficaebrindes.com.br\\\/produto\\\/bloco-de-anotacoes-ecologico\\\/#breadcrumb\"},\"inLanguage\":\"en-US\",\"potentialAction\":[{\"@type\":\"ReadAction\",\"target\":[\"https:\\\/\\\/ideiagraficaebrindes.com.br\\\/produto\\\/bloco-de-anotacoes-ecologico\\\/\"]}]},{\"@type\":\"ImageObject\",\"inLanguage\":\"en-US\",\"@id\":\"https:\\\/\\\/ideiagraficaebrindes.com.br\\\/produto\\\/bloco-de-anotacoes-ecologico\\\/#primaryimage\",\"url\":\"https:\\\/\\\/ideiagraficaebrindes.com.br\\\/wp-content\\\/uploads\\\/2021\\\/06\\\/capa-scaled.jpg\",\"contentUrl\":\"https:\\\/\\\/ideiagraficaebrindes.com.br\\\/wp-content\\\/uploads\\\/2021\\\/06\\\/capa-scaled.jpg\",\"width\":2560,\"height\":2560},{\"@type\":\"BreadcrumbList\",\"@id\":\"https:\\\/\\\/ideiagraficaebrindes.com.br\\\/produto\\\/bloco-de-anotacoes-ecologico\\\/#breadcrumb\",\"itemListElement\":[{\"@type\":\"ListItem\",\"position\":1,\"name\":\"In\u00edcio\",\"item\":\"https:\\\/\\\/ideiagraficaebrindes.com.br\\\/\"},{\"@type\":\"ListItem\",\"position\":2,\"name\":\"Loja\",\"item\":\"https:\\\/\\\/ideiagraficaebrindes.com.br\\\/loja\\\/\"},{\"@type\":\"ListItem\",\"position\":3,\"name\":\"Bloco de Anota\u00e7\u00f5es Ecol\u00f3gico\"}]},{\"@type\":\"WebSite\",\"@id\":\"https:\\\/\\\/ideiagraficaebrindes.com.br\\\/#website\",\"url\":\"https:\\\/\\\/ideiagraficaebrindes.com.br\\\/\",\"name\":\"Ideia Gr\u00e1fica e Brindes\",\"description\":\"Brindes Personalizados e Impress\u00e3o em geral\",\"potentialAction\":[{\"@type\":\"SearchAction\",\"target\":{\"@type\":\"EntryPoint\",\"urlTemplate\":\"https:\\\/\\\/ideiagraficaebrindes.com.br\\\/?s={search_term_string}\"},\"query-input\":{\"@type\":\"PropertyValueSpecification\",\"valueRequired\":true,\"valueName\":\"search_term_string\"}}],\"inLanguage\":\"en-US\"}]}<\/script>\n<!-- \/ Yoast SEO plugin. -->","yoast_head_json":{"title":"Bloco de Anota\u00e7\u00f5es Ecol\u00f3gico - Ideia Gr\u00e1fica e Brindes","robots":{"index":"index","follow":"follow","max-snippet":"max-snippet:-1","max-image-preview":"max-image-preview:large","max-video-preview":"max-video-preview:-1"},"canonical":"https:\/\/ideiagraficaebrindes.com.br\/en\/product\/bloco-de-anotacoes-ecologico\/","og_locale":"en_US","og_type":"article","og_title":"Bloco de Anota\u00e7\u00f5es Ecol\u00f3gico - Ideia Gr\u00e1fica e Brindes","og_description":"Bloco de anota\u00e7\u00e3o ecol\u00f3gico com s\u00edmbolo reciclado na capa, acompanha com as folhas: vermelha, amarela, laranja, azul, verde e preto, possibilitando deixar a cor desejada como fundo do logo reciclado.  Possui aproximadamente 70 folhas brancas pautadas com logo reciclado na lateral inferior das folhas, possui tamb\u00e9m el\u00e1stico suporte para caneta(n\u00e3o acompanha caneta).  Medidas aproximadas para grava\u00e7\u00e3o\u00a0(CxL):\u00a0 9,5 cm x 11,5 cm  Tamanho total aproximado\u00a0\u00a0(CxL):\u00a0 18 cm x 15 cm    Peso aproximado\u00a0(g):\u00a0 163","og_url":"https:\/\/ideiagraficaebrindes.com.br\/en\/product\/bloco-de-anotacoes-ecologico\/","og_site_name":"Ideia Gr\u00e1fica e Brindes","article_modified_time":"2021-07-13T12:27:20+00:00","og_image":[{"width":2560,"height":2560,"url":"https:\/\/ideiagraficaebrindes.com.br\/wp-content\/uploads\/2021\/06\/capa-scaled.jpg","type":"image\/jpeg"}],"twitter_card":"summary_large_image","twitter_misc":{"Est. reading time":"1 minute"},"schema":{"@context":"https:\/\/schema.org","@graph":[{"@type":"WebPage","@id":"https:\/\/ideiagraficaebrindes.com.br\/produto\/bloco-de-anotacoes-ecologico\/","url":"https:\/\/ideiagraficaebrindes.com.br\/produto\/bloco-de-anotacoes-ecologico\/","name":"Bloco de Anota\u00e7\u00f5es Ecol\u00f3gico - Ideia Gr\u00e1fica e Brindes","isPartOf":{"@id":"https:\/\/ideiagraficaebrindes.com.br\/#website"},"primaryImageOfPage":{"@id":"https:\/\/ideiagraficaebrindes.com.br\/produto\/bloco-de-anotacoes-ecologico\/#primaryimage"},"image":{"@id":"https:\/\/ideiagraficaebrindes.com.br\/produto\/bloco-de-anotacoes-ecologico\/#primaryimage"},"thumbnailUrl":"https:\/\/ideiagraficaebrindes.com.br\/wp-content\/uploads\/2021\/06\/capa-scaled.jpg","datePublished":"2021-06-16T21:53:33+00:00","dateModified":"2021-07-13T12:27:20+00:00","breadcrumb":{"@id":"https:\/\/ideiagraficaebrindes.com.br\/produto\/bloco-de-anotacoes-ecologico\/#breadcrumb"},"inLanguage":"en-US","potentialAction":[{"@type":"ReadAction","target":["https:\/\/ideiagraficaebrindes.com.br\/produto\/bloco-de-anotacoes-ecologico\/"]}]},{"@type":"ImageObject","inLanguage":"en-US","@id":"https:\/\/ideiagraficaebrindes.com.br\/produto\/bloco-de-anotacoes-ecologico\/#primaryimage","url":"https:\/\/ideiagraficaebrindes.com.br\/wp-content\/uploads\/2021\/06\/capa-scaled.jpg","contentUrl":"https:\/\/ideiagraficaebrindes.com.br\/wp-content\/uploads\/2021\/06\/capa-scaled.jpg","width":2560,"height":2560},{"@type":"BreadcrumbList","@id":"https:\/\/ideiagraficaebrindes.com.br\/produto\/bloco-de-anotacoes-ecologico\/#breadcrumb","itemListElement":[{"@type":"ListItem","position":1,"name":"In\u00edcio","item":"https:\/\/ideiagraficaebrindes.com.br\/"},{"@type":"ListItem","position":2,"name":"Loja","item":"https:\/\/ideiagraficaebrindes.com.br\/loja\/"},{"@type":"ListItem","position":3,"name":"Bloco de Anota\u00e7\u00f5es Ecol\u00f3gico"}]},{"@type":"WebSite","@id":"https:\/\/ideiagraficaebrindes.com.br\/#website","url":"https:\/\/ideiagraficaebrindes.com.br\/","name":"Ideia Gr\u00e1fica e Brindes","description":"Brindes Personalizados e Impress\u00e3o em geral","potentialAction":[{"@type":"SearchAction","target":{"@type":"EntryPoint","urlTemplate":"https:\/\/ideiagraficaebrindes.com.br\/?s={search_term_string}"},"query-input":{"@type":"PropertyValueSpecification","valueRequired":true,"valueName":"search_term_string"}}],"inLanguage":"en-US"}]}},"_links":{"self":[{"href":"https:\/\/ideiagraficaebrindes.com.br\/en\/wp-json\/wp\/v2\/product\/3544","targetHints":{"allow":["GET"]}}],"collection":[{"href":"https:\/\/ideiagraficaebrindes.com.br\/en\/wp-json\/wp\/v2\/product"}],"about":[{"href":"https:\/\/ideiagraficaebrindes.com.br\/en\/wp-json\/wp\/v2\/types\/product"}],"replies":[{"embeddable":true,"href":"https:\/\/ideiagraficaebrindes.com.br\/en\/wp-json\/wp\/v2\/comments?post=3544"}],"wp:featuredmedia":[{"embeddable":true,"href":"https:\/\/ideiagraficaebrindes.com.br\/en\/wp-json\/wp\/v2\/media\/3549"}],"wp:attachment":[{"href":"https:\/\/ideiagraficaebrindes.com.br\/en\/wp-json\/wp\/v2\/media?parent=3544"}],"wp:term":[{"taxonomy":"product_brand","embeddable":true,"href":"https:\/\/ideiagraficaebrindes.com.br\/en\/wp-json\/wp\/v2\/product_brand?post=3544"},{"taxonomy":"product_cat","embeddable":true,"href":"https:\/\/ideiagraficaebrindes.com.br\/en\/wp-json\/wp\/v2\/product_cat?post=3544"},{"taxonomy":"product_tag","embeddable":true,"href":"https:\/\/ideiagraficaebrindes.com.br\/en\/wp-json\/wp\/v2\/product_tag?post=3544"}],"curies":[{"name":"wp","href":"https:\/\/api.w.org\/{rel}","templated":true}]}}