{"id":3506,"date":"2021-06-16T11:31:30","date_gmt":"2021-06-16T14:31:30","guid":{"rendered":"https:\/\/ideiagraficaebrindes.com.br\/?post_type=product&#038;p=3506"},"modified":"2021-07-13T09:27:27","modified_gmt":"2021-07-13T12:27:27","slug":"bloco-de-anotacoes-com-autoadesivos-e-caneta","status":"publish","type":"product","link":"https:\/\/ideiagraficaebrindes.com.br\/en\/product\/bloco-de-anotacoes-com-autoadesivos-e-caneta\/","title":{"rendered":"Bloco de Anota\u00e7\u00f5es com Autoadesivos e Caneta"},"content":{"rendered":"<p><span class=\"desc-sub my-desc-sub\">Bloco de anota\u00e7\u00f5es ecol\u00f3gico com autoadesivos e mini caneta.<br \/>\nBloco com wire-o e detalhes vazados na capa, cont\u00e9m conjunto de cinco bloquinhos autoadesivos coloridos,<br \/>\nbloco autoadesivo pequeno, miolo com folhas pautadas e suporte de nylon com mini caneta de papel\u00e3o com carga esferogr\u00e1fica na cor azul e acionamento por clique..<\/span><\/p>","protected":false},"excerpt":{"rendered":"<p><span class=\"desc-sub my-desc-sub\">Bloco de anota\u00e7\u00f5es ecol\u00f3gico com autoadesivos e mini caneta. Bloco com wire-o e detalhes vazados na capa, cont\u00e9m conjunto de cinco bloquinhos autoadesivos coloridos, bloco autoadesivo pequeno, miolo com folhas pautadas e suporte de nylon com mini caneta de papel\u00e3o com carga esferogr\u00e1fica na cor azul e acionamento por clique..<\/span><\/p>\n<p>&nbsp;<\/p>\n<p><strong>CARACTER\u00cdSTICAS T\u00c9CNICAS<\/strong><\/p>\n<p><span style=\"vertical-align: inherit;\"><span style=\"vertical-align: inherit;\">Material: Kraft<\/span><\/span><\/p>\n<p><span style=\"vertical-align: inherit;\"><span style=\"vertical-align: inherit;\">Bloco (A x L): 15,8 cm x 8,8 cm<\/span><\/span><\/p>\n<p>1 Medidas para grava\u00e7\u00e3o (A x L): 10,1 cm x 8,8 cm<\/p>\n<p>Caneta (C x L): 8,6 cm x 1,2 cm<\/p>\n<p>2 Medidas para grava\u00e7\u00e3o (A x L): 0,6 cm x 3,5 cm<\/p>\n<p><span style=\"vertical-align: inherit;\"><span style=\"vertical-align: inherit;\">Peso: 85 g<\/span><\/span><\/p>\n<p>Autoadesivos coloridos: Kit 5 bloquinhos &#8211; 25 folhas<\/p>\n<p>Autoadesivo pequeno: 25 folhas<\/p>\n<p>Miolo: 70 folhas pautadas<\/p>\n<p>&nbsp;<\/p>","protected":false},"featured_media":3543,"comment_status":"open","ping_status":"closed","template":"","meta":{"_monsterinsights_skip_tracking":false,"_monsterinsights_sitenote_active":false,"_monsterinsights_sitenote_note":"","_monsterinsights_sitenote_category":0},"product_brand":[],"product_cat":[196,219,198],"product_tag":[107,106,101,100,105,104,91,102,103,92],"class_list":{"0":"post-3506","1":"product","2":"type-product","3":"status-publish","4":"has-post-thumbnail","6":"product_cat-blocos-e-cadernetas","7":"product_cat-brindes","8":"product_cat-escritorio","9":"product_tag-bloco","10":"product_tag-bloco-de-anotacoes","11":"product_tag-bloco-ecologico","12":"product_tag-blocos","13":"product_tag-brinde-ecologico","14":"product_tag-brindeescritorio","15":"product_tag-brindes","16":"product_tag-brindeseco","17":"product_tag-escritorio","18":"product_tag-personalizados","20":"first","21":"instock","22":"sold-individually","23":"shipping-taxable","24":"purchasable","25":"product-type-simple"},"yoast_head":"<!-- This site is optimized with the Yoast SEO plugin v27.4 - https:\/\/yoast.com\/product\/yoast-seo-wordpress\/ -->\n<title>Bloco de Anota\u00e7\u00f5es com Autoadesivos e Caneta - Ideia Gr\u00e1fica e Brindes<\/title>\n<meta name=\"robots\" content=\"index, follow, max-snippet:-1, max-image-preview:large, max-video-preview:-1\" \/>\n<link rel=\"canonical\" href=\"https:\/\/ideiagraficaebrindes.com.br\/en\/product\/bloco-de-anotacoes-com-autoadesivos-e-caneta\/\" \/>\n<meta property=\"og:locale\" content=\"en_US\" \/>\n<meta property=\"og:type\" content=\"article\" \/>\n<meta property=\"og:title\" content=\"Bloco de Anota\u00e7\u00f5es com Autoadesivos e Caneta - Ideia Gr\u00e1fica e Brindes\" \/>\n<meta property=\"og:description\" content=\"Bloco de anota\u00e7\u00f5es ecol\u00f3gico com autoadesivos e mini caneta. Bloco com wire-o e detalhes vazados na capa, cont\u00e9m conjunto de cinco bloquinhos autoadesivos coloridos, bloco autoadesivo pequeno, miolo com folhas pautadas e suporte de nylon com mini caneta de papel\u00e3o com carga esferogr\u00e1fica na cor azul e acionamento por clique..  &nbsp;  CARACTER\u00cdSTICAS T\u00c9CNICAS  Material: Kraft  Bloco (A x L): 15,8 cm x 8,8 cm  1 Medidas para grava\u00e7\u00e3o (A x L): 10,1 cm x 8,8 cm  Caneta (C x L): 8,6 cm x 1,2 cm  2 Medidas para grava\u00e7\u00e3o (A x L): 0,6 cm x 3,5 cm  Peso: 85 g  Autoadesivos coloridos: Kit 5 bloquinhos - 25 folhas  Autoadesivo pequeno: 25 folhas  Miolo: 70 folhas pautadas  &nbsp;\" \/>\n<meta property=\"og:url\" content=\"https:\/\/ideiagraficaebrindes.com.br\/en\/product\/bloco-de-anotacoes-com-autoadesivos-e-caneta\/\" \/>\n<meta property=\"og:site_name\" content=\"Ideia Gr\u00e1fica e Brindes\" \/>\n<meta property=\"article:modified_time\" content=\"2021-07-13T12:27:27+00:00\" \/>\n<meta property=\"og:image\" content=\"https:\/\/ideiagraficaebrindes.com.br\/wp-content\/uploads\/2021\/06\/capa-editada-scaled.jpg\" \/>\n\t<meta property=\"og:image:width\" content=\"2560\" \/>\n\t<meta property=\"og:image:height\" content=\"2560\" \/>\n\t<meta property=\"og:image:type\" content=\"image\/jpeg\" \/>\n<meta name=\"twitter:card\" content=\"summary_large_image\" \/>\n<meta name=\"twitter:label1\" content=\"Est. reading time\" \/>\n\t<meta name=\"twitter:data1\" content=\"1 minute\" \/>\n<script type=\"application\/ld+json\" class=\"yoast-schema-graph\">{\"@context\":\"https:\\\/\\\/schema.org\",\"@graph\":[{\"@type\":\"WebPage\",\"@id\":\"https:\\\/\\\/ideiagraficaebrindes.com.br\\\/produto\\\/bloco-de-anotacoes-com-autoadesivos-e-caneta\\\/\",\"url\":\"https:\\\/\\\/ideiagraficaebrindes.com.br\\\/produto\\\/bloco-de-anotacoes-com-autoadesivos-e-caneta\\\/\",\"name\":\"Bloco de Anota\u00e7\u00f5es com Autoadesivos e Caneta - Ideia Gr\u00e1fica e Brindes\",\"isPartOf\":{\"@id\":\"https:\\\/\\\/ideiagraficaebrindes.com.br\\\/#website\"},\"primaryImageOfPage\":{\"@id\":\"https:\\\/\\\/ideiagraficaebrindes.com.br\\\/produto\\\/bloco-de-anotacoes-com-autoadesivos-e-caneta\\\/#primaryimage\"},\"image\":{\"@id\":\"https:\\\/\\\/ideiagraficaebrindes.com.br\\\/produto\\\/bloco-de-anotacoes-com-autoadesivos-e-caneta\\\/#primaryimage\"},\"thumbnailUrl\":\"https:\\\/\\\/ideiagraficaebrindes.com.br\\\/wp-content\\\/uploads\\\/2021\\\/06\\\/capa-editada-scaled.jpg\",\"datePublished\":\"2021-06-16T14:31:30+00:00\",\"dateModified\":\"2021-07-13T12:27:27+00:00\",\"breadcrumb\":{\"@id\":\"https:\\\/\\\/ideiagraficaebrindes.com.br\\\/produto\\\/bloco-de-anotacoes-com-autoadesivos-e-caneta\\\/#breadcrumb\"},\"inLanguage\":\"en-US\",\"potentialAction\":[{\"@type\":\"ReadAction\",\"target\":[\"https:\\\/\\\/ideiagraficaebrindes.com.br\\\/produto\\\/bloco-de-anotacoes-com-autoadesivos-e-caneta\\\/\"]}]},{\"@type\":\"ImageObject\",\"inLanguage\":\"en-US\",\"@id\":\"https:\\\/\\\/ideiagraficaebrindes.com.br\\\/produto\\\/bloco-de-anotacoes-com-autoadesivos-e-caneta\\\/#primaryimage\",\"url\":\"https:\\\/\\\/ideiagraficaebrindes.com.br\\\/wp-content\\\/uploads\\\/2021\\\/06\\\/capa-editada-scaled.jpg\",\"contentUrl\":\"https:\\\/\\\/ideiagraficaebrindes.com.br\\\/wp-content\\\/uploads\\\/2021\\\/06\\\/capa-editada-scaled.jpg\",\"width\":2560,\"height\":2560},{\"@type\":\"BreadcrumbList\",\"@id\":\"https:\\\/\\\/ideiagraficaebrindes.com.br\\\/produto\\\/bloco-de-anotacoes-com-autoadesivos-e-caneta\\\/#breadcrumb\",\"itemListElement\":[{\"@type\":\"ListItem\",\"position\":1,\"name\":\"In\u00edcio\",\"item\":\"https:\\\/\\\/ideiagraficaebrindes.com.br\\\/\"},{\"@type\":\"ListItem\",\"position\":2,\"name\":\"Loja\",\"item\":\"https:\\\/\\\/ideiagraficaebrindes.com.br\\\/loja\\\/\"},{\"@type\":\"ListItem\",\"position\":3,\"name\":\"Bloco de Anota\u00e7\u00f5es com Autoadesivos e Caneta\"}]},{\"@type\":\"WebSite\",\"@id\":\"https:\\\/\\\/ideiagraficaebrindes.com.br\\\/#website\",\"url\":\"https:\\\/\\\/ideiagraficaebrindes.com.br\\\/\",\"name\":\"Ideia Gr\u00e1fica e Brindes\",\"description\":\"Brindes Personalizados e Impress\u00e3o em geral\",\"potentialAction\":[{\"@type\":\"SearchAction\",\"target\":{\"@type\":\"EntryPoint\",\"urlTemplate\":\"https:\\\/\\\/ideiagraficaebrindes.com.br\\\/?s={search_term_string}\"},\"query-input\":{\"@type\":\"PropertyValueSpecification\",\"valueRequired\":true,\"valueName\":\"search_term_string\"}}],\"inLanguage\":\"en-US\"}]}<\/script>\n<!-- \/ Yoast SEO plugin. -->","yoast_head_json":{"title":"Bloco de Anota\u00e7\u00f5es com Autoadesivos e Caneta - Ideia Gr\u00e1fica e Brindes","robots":{"index":"index","follow":"follow","max-snippet":"max-snippet:-1","max-image-preview":"max-image-preview:large","max-video-preview":"max-video-preview:-1"},"canonical":"https:\/\/ideiagraficaebrindes.com.br\/en\/product\/bloco-de-anotacoes-com-autoadesivos-e-caneta\/","og_locale":"en_US","og_type":"article","og_title":"Bloco de Anota\u00e7\u00f5es com Autoadesivos e Caneta - Ideia Gr\u00e1fica e Brindes","og_description":"Bloco de anota\u00e7\u00f5es ecol\u00f3gico com autoadesivos e mini caneta. Bloco com wire-o e detalhes vazados na capa, cont\u00e9m conjunto de cinco bloquinhos autoadesivos coloridos, bloco autoadesivo pequeno, miolo com folhas pautadas e suporte de nylon com mini caneta de papel\u00e3o com carga esferogr\u00e1fica na cor azul e acionamento por clique..  &nbsp;  CARACTER\u00cdSTICAS T\u00c9CNICAS  Material: Kraft  Bloco (A x L): 15,8 cm x 8,8 cm  1 Medidas para grava\u00e7\u00e3o (A x L): 10,1 cm x 8,8 cm  Caneta (C x L): 8,6 cm x 1,2 cm  2 Medidas para grava\u00e7\u00e3o (A x L): 0,6 cm x 3,5 cm  Peso: 85 g  Autoadesivos coloridos: Kit 5 bloquinhos - 25 folhas  Autoadesivo pequeno: 25 folhas  Miolo: 70 folhas pautadas  &nbsp;","og_url":"https:\/\/ideiagraficaebrindes.com.br\/en\/product\/bloco-de-anotacoes-com-autoadesivos-e-caneta\/","og_site_name":"Ideia Gr\u00e1fica e Brindes","article_modified_time":"2021-07-13T12:27:27+00:00","og_image":[{"width":2560,"height":2560,"url":"https:\/\/ideiagraficaebrindes.com.br\/wp-content\/uploads\/2021\/06\/capa-editada-scaled.jpg","type":"image\/jpeg"}],"twitter_card":"summary_large_image","twitter_misc":{"Est. reading time":"1 minute"},"schema":{"@context":"https:\/\/schema.org","@graph":[{"@type":"WebPage","@id":"https:\/\/ideiagraficaebrindes.com.br\/produto\/bloco-de-anotacoes-com-autoadesivos-e-caneta\/","url":"https:\/\/ideiagraficaebrindes.com.br\/produto\/bloco-de-anotacoes-com-autoadesivos-e-caneta\/","name":"Bloco de Anota\u00e7\u00f5es com Autoadesivos e Caneta - Ideia Gr\u00e1fica e Brindes","isPartOf":{"@id":"https:\/\/ideiagraficaebrindes.com.br\/#website"},"primaryImageOfPage":{"@id":"https:\/\/ideiagraficaebrindes.com.br\/produto\/bloco-de-anotacoes-com-autoadesivos-e-caneta\/#primaryimage"},"image":{"@id":"https:\/\/ideiagraficaebrindes.com.br\/produto\/bloco-de-anotacoes-com-autoadesivos-e-caneta\/#primaryimage"},"thumbnailUrl":"https:\/\/ideiagraficaebrindes.com.br\/wp-content\/uploads\/2021\/06\/capa-editada-scaled.jpg","datePublished":"2021-06-16T14:31:30+00:00","dateModified":"2021-07-13T12:27:27+00:00","breadcrumb":{"@id":"https:\/\/ideiagraficaebrindes.com.br\/produto\/bloco-de-anotacoes-com-autoadesivos-e-caneta\/#breadcrumb"},"inLanguage":"en-US","potentialAction":[{"@type":"ReadAction","target":["https:\/\/ideiagraficaebrindes.com.br\/produto\/bloco-de-anotacoes-com-autoadesivos-e-caneta\/"]}]},{"@type":"ImageObject","inLanguage":"en-US","@id":"https:\/\/ideiagraficaebrindes.com.br\/produto\/bloco-de-anotacoes-com-autoadesivos-e-caneta\/#primaryimage","url":"https:\/\/ideiagraficaebrindes.com.br\/wp-content\/uploads\/2021\/06\/capa-editada-scaled.jpg","contentUrl":"https:\/\/ideiagraficaebrindes.com.br\/wp-content\/uploads\/2021\/06\/capa-editada-scaled.jpg","width":2560,"height":2560},{"@type":"BreadcrumbList","@id":"https:\/\/ideiagraficaebrindes.com.br\/produto\/bloco-de-anotacoes-com-autoadesivos-e-caneta\/#breadcrumb","itemListElement":[{"@type":"ListItem","position":1,"name":"In\u00edcio","item":"https:\/\/ideiagraficaebrindes.com.br\/"},{"@type":"ListItem","position":2,"name":"Loja","item":"https:\/\/ideiagraficaebrindes.com.br\/loja\/"},{"@type":"ListItem","position":3,"name":"Bloco de Anota\u00e7\u00f5es com Autoadesivos e Caneta"}]},{"@type":"WebSite","@id":"https:\/\/ideiagraficaebrindes.com.br\/#website","url":"https:\/\/ideiagraficaebrindes.com.br\/","name":"Ideia Gr\u00e1fica e Brindes","description":"Brindes Personalizados e Impress\u00e3o em geral","potentialAction":[{"@type":"SearchAction","target":{"@type":"EntryPoint","urlTemplate":"https:\/\/ideiagraficaebrindes.com.br\/?s={search_term_string}"},"query-input":{"@type":"PropertyValueSpecification","valueRequired":true,"valueName":"search_term_string"}}],"inLanguage":"en-US"}]}},"_links":{"self":[{"href":"https:\/\/ideiagraficaebrindes.com.br\/en\/wp-json\/wp\/v2\/product\/3506","targetHints":{"allow":["GET"]}}],"collection":[{"href":"https:\/\/ideiagraficaebrindes.com.br\/en\/wp-json\/wp\/v2\/product"}],"about":[{"href":"https:\/\/ideiagraficaebrindes.com.br\/en\/wp-json\/wp\/v2\/types\/product"}],"replies":[{"embeddable":true,"href":"https:\/\/ideiagraficaebrindes.com.br\/en\/wp-json\/wp\/v2\/comments?post=3506"}],"wp:featuredmedia":[{"embeddable":true,"href":"https:\/\/ideiagraficaebrindes.com.br\/en\/wp-json\/wp\/v2\/media\/3543"}],"wp:attachment":[{"href":"https:\/\/ideiagraficaebrindes.com.br\/en\/wp-json\/wp\/v2\/media?parent=3506"}],"wp:term":[{"taxonomy":"product_brand","embeddable":true,"href":"https:\/\/ideiagraficaebrindes.com.br\/en\/wp-json\/wp\/v2\/product_brand?post=3506"},{"taxonomy":"product_cat","embeddable":true,"href":"https:\/\/ideiagraficaebrindes.com.br\/en\/wp-json\/wp\/v2\/product_cat?post=3506"},{"taxonomy":"product_tag","embeddable":true,"href":"https:\/\/ideiagraficaebrindes.com.br\/en\/wp-json\/wp\/v2\/product_tag?post=3506"}],"curies":[{"name":"wp","href":"https:\/\/api.w.org\/{rel}","templated":true}]}}