{"id":10144,"date":"2026-04-16T15:43:28","date_gmt":"2026-04-16T18:43:28","guid":{"rendered":"https:\/\/ideiagraficaebrindes.com.br\/?post_type=product&#038;p=10144"},"modified":"2026-04-16T15:43:28","modified_gmt":"2026-04-16T18:43:28","slug":"bloco-de-anotacoes-com-autoadesivos-e-caneta-3","status":"publish","type":"product","link":"https:\/\/ideiagraficaebrindes.com.br\/en\/product\/bloco-de-anotacoes-com-autoadesivos-e-caneta-3\/","title":{"rendered":"Bloco de Anota\u00e7\u00f5es com Autoadesivos e Caneta"},"content":{"rendered":"<div class=\"desc\">\n<p class=\"desc-tit\">Descri\u00e7\u00e3o:\u00a0<span class=\"desc-sub my-desc-sub\">Bloco de anota\u00e7\u00f5es com capa dura revestida em papel especial e fita el\u00e1stica para fechamento. Possui cerca de 80 folhas pautadas, al\u00e9m de um bloco com aproximadamente 20 folhas autoadesivas amarelas e por volta de 100 marcadores de p\u00e1gina autoadesivos, divididos em cinco cores diferentes. Acompanha uma caneta esferogr\u00e1fica com carga azul de 1.0mm e acionamento por clique, corpo em papel\u00e3o e demais componentes em pl\u00e1stico.<\/span><\/p>\n<\/div>\n<div class=\"desc\">\n<p class=\"desc-tit\">Largura<span class=\"desc-sub\">\u00a0:\u00a0 13 cm<\/span><\/p>\n<\/div>\n<div class=\"desc\">\n<p class=\"desc-tit\">Comprimento<span class=\"desc-sub\">\u00a0:\u00a0 18 cm<\/span><\/p>\n<\/div>\n<div class=\"desc\">\n<p class=\"desc-tit\">Espessura<span class=\"desc-sub\">\u00a0:\u00a0 1,4 cm<\/span><\/p>\n<\/div>\n<div class=\"desc\">\n<p class=\"desc-tit\">Medidas aproximadas para grava\u00e7\u00e3o<span class=\"desc-sub\">\u00a0(CxL):\u00a0 18 cm x 9,5 cm (capa) &#8211; 0,8 cm x 10 cm (caneta)<\/span><\/p>\n<\/div>\n<div class=\"desc\">\n<p class=\"desc-tit\">Tamanho total aproximado\u00a0<span class=\"desc-sub\">\u00a0(CxL):\u00a0 Caneta: 14 cm x 1 cm<\/span><\/p>\n<\/div>\n<div class=\"desc\">\n<p class=\"desc-tit\">Peso aproximado<span class=\"desc-sub\">\u00a0(g):\u00a0 187<\/span><\/p>\n<\/div>","protected":false},"excerpt":{"rendered":"<div class=\"desc\">\n<p class=\"desc-tit\">Descri\u00e7\u00e3o:\u00a0<span class=\"desc-sub my-desc-sub\">Bloco de anota\u00e7\u00f5es com capa dura revestida em papel especial e fita el\u00e1stica para fechamento. Possui cerca de 80 folhas pautadas, al\u00e9m de um bloco com aproximadamente 20 folhas autoadesivas amarelas e por volta de 100 marcadores de p\u00e1gina autoadesivos, divididos em cinco cores diferentes. Acompanha uma caneta esferogr\u00e1fica com carga azul de 1.0mm e acionamento por clique, corpo em papel\u00e3o e demais componentes em pl\u00e1stico.<\/span><\/p>\n<\/div>\n<div class=\"desc\">\n<p class=\"desc-tit\">Largura<span class=\"desc-sub\">\u00a0:\u00a0 13 cm<\/span><\/p>\n<\/div>\n<div class=\"desc\">\n<p class=\"desc-tit\">Comprimento<span class=\"desc-sub\">\u00a0:\u00a0 18 cm<\/span><\/p>\n<\/div>\n<div class=\"desc\">\n<p class=\"desc-tit\">Espessura<span class=\"desc-sub\">\u00a0:\u00a0 1,4 cm<\/span><\/p>\n<\/div>\n<div class=\"desc\">\n<p class=\"desc-tit\">Medidas aproximadas para grava\u00e7\u00e3o<span class=\"desc-sub\">\u00a0(CxL):\u00a0 18 cm x 9,5 cm (capa) &#8211; 0,8 cm x 10 cm (caneta)<\/span><\/p>\n<\/div>\n<div class=\"desc\">\n<p class=\"desc-tit\">Tamanho total aproximado\u00a0<span class=\"desc-sub\">\u00a0(CxL):\u00a0 Caneta: 14 cm x 1 cm<\/span><\/p>\n<\/div>\n<div class=\"desc\">\n<p class=\"desc-tit\">Peso aproximado<span class=\"desc-sub\">\u00a0(g):\u00a0 187<\/span><\/p>\n<\/div>","protected":false},"featured_media":10145,"comment_status":"open","ping_status":"closed","template":"","meta":{"_monsterinsights_skip_tracking":false,"_monsterinsights_sitenote_active":false,"_monsterinsights_sitenote_note":"","_monsterinsights_sitenote_category":0},"product_brand":[],"product_cat":[495,196,219],"product_tag":[366,197],"class_list":{"0":"post-10144","1":"product","2":"type-product","3":"status-publish","4":"has-post-thumbnail","6":"product_cat-dia-das-maes","7":"product_cat-blocos-e-cadernetas","8":"product_cat-brindes","9":"product_tag-bloco-de-anotacao","10":"product_tag-moleskine","12":"first","13":"instock","14":"shipping-taxable","15":"product-type-simple"},"yoast_head":"<!-- This site is optimized with the Yoast SEO plugin v27.4 - https:\/\/yoast.com\/product\/yoast-seo-wordpress\/ -->\n<title>Bloco de Anota\u00e7\u00f5es com Autoadesivos e Caneta - Ideia Gr\u00e1fica e Brindes<\/title>\n<meta name=\"description\" content=\"Bloco de anota\u00e7\u00f5es com capa dura revestida em papel especial e fita el\u00e1stica para fechamento. Possui cerca de 80 folhas pautadas, al\u00e9m de um bloco\" \/>\n<meta name=\"robots\" content=\"index, follow, max-snippet:-1, max-image-preview:large, max-video-preview:-1\" \/>\n<link rel=\"canonical\" href=\"https:\/\/ideiagraficaebrindes.com.br\/en\/product\/bloco-de-anotacoes-com-autoadesivos-e-caneta-3\/\" \/>\n<meta property=\"og:locale\" content=\"en_US\" \/>\n<meta property=\"og:type\" content=\"article\" \/>\n<meta property=\"og:title\" content=\"Bloco de Anota\u00e7\u00f5es com Autoadesivos e Caneta - Ideia Gr\u00e1fica e Brindes\" \/>\n<meta property=\"og:description\" content=\"Bloco de anota\u00e7\u00f5es com capa dura revestida em papel especial e fita el\u00e1stica para fechamento. Possui cerca de 80 folhas pautadas, al\u00e9m de um bloco\" \/>\n<meta property=\"og:url\" content=\"https:\/\/ideiagraficaebrindes.com.br\/en\/product\/bloco-de-anotacoes-com-autoadesivos-e-caneta-3\/\" \/>\n<meta property=\"og:site_name\" content=\"Ideia Gr\u00e1fica e Brindes\" \/>\n<meta property=\"og:image\" content=\"https:\/\/ideiagraficaebrindes.com.br\/wp-content\/uploads\/2026\/04\/Bloco-de-Anotacoes-com-Autoadesivos-e-Caneta-23452d1-1749558457.jpg\" \/>\n\t<meta property=\"og:image:width\" content=\"1000\" \/>\n\t<meta property=\"og:image:height\" content=\"1000\" \/>\n\t<meta property=\"og:image:type\" content=\"image\/jpeg\" \/>\n<meta name=\"twitter:card\" content=\"summary_large_image\" \/>\n<meta name=\"twitter:label1\" content=\"Est. reading time\" \/>\n\t<meta name=\"twitter:data1\" content=\"1 minute\" \/>\n<script type=\"application\/ld+json\" class=\"yoast-schema-graph\">{\"@context\":\"https:\\\/\\\/schema.org\",\"@graph\":[{\"@type\":\"WebPage\",\"@id\":\"https:\\\/\\\/ideiagraficaebrindes.com.br\\\/produto\\\/bloco-de-anotacoes-com-autoadesivos-e-caneta-3\\\/\",\"url\":\"https:\\\/\\\/ideiagraficaebrindes.com.br\\\/produto\\\/bloco-de-anotacoes-com-autoadesivos-e-caneta-3\\\/\",\"name\":\"Bloco de Anota\u00e7\u00f5es com Autoadesivos e Caneta - Ideia Gr\u00e1fica e Brindes\",\"isPartOf\":{\"@id\":\"https:\\\/\\\/ideiagraficaebrindes.com.br\\\/#website\"},\"primaryImageOfPage\":{\"@id\":\"https:\\\/\\\/ideiagraficaebrindes.com.br\\\/produto\\\/bloco-de-anotacoes-com-autoadesivos-e-caneta-3\\\/#primaryimage\"},\"image\":{\"@id\":\"https:\\\/\\\/ideiagraficaebrindes.com.br\\\/produto\\\/bloco-de-anotacoes-com-autoadesivos-e-caneta-3\\\/#primaryimage\"},\"thumbnailUrl\":\"https:\\\/\\\/ideiagraficaebrindes.com.br\\\/wp-content\\\/uploads\\\/2026\\\/04\\\/Bloco-de-Anotacoes-com-Autoadesivos-e-Caneta-23452d1-1749558457.jpg\",\"datePublished\":\"2026-04-16T18:43:28+00:00\",\"description\":\"Bloco de anota\u00e7\u00f5es com capa dura revestida em papel especial e fita el\u00e1stica para fechamento. Possui cerca de 80 folhas pautadas, al\u00e9m de um bloco\",\"breadcrumb\":{\"@id\":\"https:\\\/\\\/ideiagraficaebrindes.com.br\\\/produto\\\/bloco-de-anotacoes-com-autoadesivos-e-caneta-3\\\/#breadcrumb\"},\"inLanguage\":\"en-US\",\"potentialAction\":[{\"@type\":\"ReadAction\",\"target\":[\"https:\\\/\\\/ideiagraficaebrindes.com.br\\\/produto\\\/bloco-de-anotacoes-com-autoadesivos-e-caneta-3\\\/\"]}]},{\"@type\":\"ImageObject\",\"inLanguage\":\"en-US\",\"@id\":\"https:\\\/\\\/ideiagraficaebrindes.com.br\\\/produto\\\/bloco-de-anotacoes-com-autoadesivos-e-caneta-3\\\/#primaryimage\",\"url\":\"https:\\\/\\\/ideiagraficaebrindes.com.br\\\/wp-content\\\/uploads\\\/2026\\\/04\\\/Bloco-de-Anotacoes-com-Autoadesivos-e-Caneta-23452d1-1749558457.jpg\",\"contentUrl\":\"https:\\\/\\\/ideiagraficaebrindes.com.br\\\/wp-content\\\/uploads\\\/2026\\\/04\\\/Bloco-de-Anotacoes-com-Autoadesivos-e-Caneta-23452d1-1749558457.jpg\",\"width\":1000,\"height\":1000},{\"@type\":\"BreadcrumbList\",\"@id\":\"https:\\\/\\\/ideiagraficaebrindes.com.br\\\/produto\\\/bloco-de-anotacoes-com-autoadesivos-e-caneta-3\\\/#breadcrumb\",\"itemListElement\":[{\"@type\":\"ListItem\",\"position\":1,\"name\":\"In\u00edcio\",\"item\":\"https:\\\/\\\/ideiagraficaebrindes.com.br\\\/\"},{\"@type\":\"ListItem\",\"position\":2,\"name\":\"Loja\",\"item\":\"https:\\\/\\\/ideiagraficaebrindes.com.br\\\/loja\\\/\"},{\"@type\":\"ListItem\",\"position\":3,\"name\":\"Bloco de Anota\u00e7\u00f5es com Autoadesivos e Caneta\"}]},{\"@type\":\"WebSite\",\"@id\":\"https:\\\/\\\/ideiagraficaebrindes.com.br\\\/#website\",\"url\":\"https:\\\/\\\/ideiagraficaebrindes.com.br\\\/\",\"name\":\"Ideia Gr\u00e1fica e Brindes\",\"description\":\"Brindes Personalizados e Impress\u00e3o em geral\",\"potentialAction\":[{\"@type\":\"SearchAction\",\"target\":{\"@type\":\"EntryPoint\",\"urlTemplate\":\"https:\\\/\\\/ideiagraficaebrindes.com.br\\\/?s={search_term_string}\"},\"query-input\":{\"@type\":\"PropertyValueSpecification\",\"valueRequired\":true,\"valueName\":\"search_term_string\"}}],\"inLanguage\":\"en-US\"}]}<\/script>\n<!-- \/ Yoast SEO plugin. -->","yoast_head_json":{"title":"Bloco de Anota\u00e7\u00f5es com Autoadesivos e Caneta - Ideia Gr\u00e1fica e Brindes","description":"Bloco de anota\u00e7\u00f5es com capa dura revestida em papel especial e fita el\u00e1stica para fechamento. Possui cerca de 80 folhas pautadas, al\u00e9m de um bloco","robots":{"index":"index","follow":"follow","max-snippet":"max-snippet:-1","max-image-preview":"max-image-preview:large","max-video-preview":"max-video-preview:-1"},"canonical":"https:\/\/ideiagraficaebrindes.com.br\/en\/product\/bloco-de-anotacoes-com-autoadesivos-e-caneta-3\/","og_locale":"en_US","og_type":"article","og_title":"Bloco de Anota\u00e7\u00f5es com Autoadesivos e Caneta - Ideia Gr\u00e1fica e Brindes","og_description":"Bloco de anota\u00e7\u00f5es com capa dura revestida em papel especial e fita el\u00e1stica para fechamento. Possui cerca de 80 folhas pautadas, al\u00e9m de um bloco","og_url":"https:\/\/ideiagraficaebrindes.com.br\/en\/product\/bloco-de-anotacoes-com-autoadesivos-e-caneta-3\/","og_site_name":"Ideia Gr\u00e1fica e Brindes","og_image":[{"width":1000,"height":1000,"url":"https:\/\/ideiagraficaebrindes.com.br\/wp-content\/uploads\/2026\/04\/Bloco-de-Anotacoes-com-Autoadesivos-e-Caneta-23452d1-1749558457.jpg","type":"image\/jpeg"}],"twitter_card":"summary_large_image","twitter_misc":{"Est. reading time":"1 minute"},"schema":{"@context":"https:\/\/schema.org","@graph":[{"@type":"WebPage","@id":"https:\/\/ideiagraficaebrindes.com.br\/produto\/bloco-de-anotacoes-com-autoadesivos-e-caneta-3\/","url":"https:\/\/ideiagraficaebrindes.com.br\/produto\/bloco-de-anotacoes-com-autoadesivos-e-caneta-3\/","name":"Bloco de Anota\u00e7\u00f5es com Autoadesivos e Caneta - Ideia Gr\u00e1fica e Brindes","isPartOf":{"@id":"https:\/\/ideiagraficaebrindes.com.br\/#website"},"primaryImageOfPage":{"@id":"https:\/\/ideiagraficaebrindes.com.br\/produto\/bloco-de-anotacoes-com-autoadesivos-e-caneta-3\/#primaryimage"},"image":{"@id":"https:\/\/ideiagraficaebrindes.com.br\/produto\/bloco-de-anotacoes-com-autoadesivos-e-caneta-3\/#primaryimage"},"thumbnailUrl":"https:\/\/ideiagraficaebrindes.com.br\/wp-content\/uploads\/2026\/04\/Bloco-de-Anotacoes-com-Autoadesivos-e-Caneta-23452d1-1749558457.jpg","datePublished":"2026-04-16T18:43:28+00:00","description":"Bloco de anota\u00e7\u00f5es com capa dura revestida em papel especial e fita el\u00e1stica para fechamento. Possui cerca de 80 folhas pautadas, al\u00e9m de um bloco","breadcrumb":{"@id":"https:\/\/ideiagraficaebrindes.com.br\/produto\/bloco-de-anotacoes-com-autoadesivos-e-caneta-3\/#breadcrumb"},"inLanguage":"en-US","potentialAction":[{"@type":"ReadAction","target":["https:\/\/ideiagraficaebrindes.com.br\/produto\/bloco-de-anotacoes-com-autoadesivos-e-caneta-3\/"]}]},{"@type":"ImageObject","inLanguage":"en-US","@id":"https:\/\/ideiagraficaebrindes.com.br\/produto\/bloco-de-anotacoes-com-autoadesivos-e-caneta-3\/#primaryimage","url":"https:\/\/ideiagraficaebrindes.com.br\/wp-content\/uploads\/2026\/04\/Bloco-de-Anotacoes-com-Autoadesivos-e-Caneta-23452d1-1749558457.jpg","contentUrl":"https:\/\/ideiagraficaebrindes.com.br\/wp-content\/uploads\/2026\/04\/Bloco-de-Anotacoes-com-Autoadesivos-e-Caneta-23452d1-1749558457.jpg","width":1000,"height":1000},{"@type":"BreadcrumbList","@id":"https:\/\/ideiagraficaebrindes.com.br\/produto\/bloco-de-anotacoes-com-autoadesivos-e-caneta-3\/#breadcrumb","itemListElement":[{"@type":"ListItem","position":1,"name":"In\u00edcio","item":"https:\/\/ideiagraficaebrindes.com.br\/"},{"@type":"ListItem","position":2,"name":"Loja","item":"https:\/\/ideiagraficaebrindes.com.br\/loja\/"},{"@type":"ListItem","position":3,"name":"Bloco de Anota\u00e7\u00f5es com Autoadesivos e Caneta"}]},{"@type":"WebSite","@id":"https:\/\/ideiagraficaebrindes.com.br\/#website","url":"https:\/\/ideiagraficaebrindes.com.br\/","name":"Ideia Gr\u00e1fica e Brindes","description":"Brindes Personalizados e Impress\u00e3o em geral","potentialAction":[{"@type":"SearchAction","target":{"@type":"EntryPoint","urlTemplate":"https:\/\/ideiagraficaebrindes.com.br\/?s={search_term_string}"},"query-input":{"@type":"PropertyValueSpecification","valueRequired":true,"valueName":"search_term_string"}}],"inLanguage":"en-US"}]}},"_links":{"self":[{"href":"https:\/\/ideiagraficaebrindes.com.br\/en\/wp-json\/wp\/v2\/product\/10144","targetHints":{"allow":["GET"]}}],"collection":[{"href":"https:\/\/ideiagraficaebrindes.com.br\/en\/wp-json\/wp\/v2\/product"}],"about":[{"href":"https:\/\/ideiagraficaebrindes.com.br\/en\/wp-json\/wp\/v2\/types\/product"}],"replies":[{"embeddable":true,"href":"https:\/\/ideiagraficaebrindes.com.br\/en\/wp-json\/wp\/v2\/comments?post=10144"}],"wp:featuredmedia":[{"embeddable":true,"href":"https:\/\/ideiagraficaebrindes.com.br\/en\/wp-json\/wp\/v2\/media\/10145"}],"wp:attachment":[{"href":"https:\/\/ideiagraficaebrindes.com.br\/en\/wp-json\/wp\/v2\/media?parent=10144"}],"wp:term":[{"taxonomy":"product_brand","embeddable":true,"href":"https:\/\/ideiagraficaebrindes.com.br\/en\/wp-json\/wp\/v2\/product_brand?post=10144"},{"taxonomy":"product_cat","embeddable":true,"href":"https:\/\/ideiagraficaebrindes.com.br\/en\/wp-json\/wp\/v2\/product_cat?post=10144"},{"taxonomy":"product_tag","embeddable":true,"href":"https:\/\/ideiagraficaebrindes.com.br\/en\/wp-json\/wp\/v2\/product_tag?post=10144"}],"curies":[{"name":"wp","href":"https:\/\/api.w.org\/{rel}","templated":true}]}}