{"id":10134,"date":"2026-04-15T15:21:03","date_gmt":"2026-04-15T18:21:03","guid":{"rendered":"https:\/\/ideiagraficaebrindes.com.br\/?post_type=product&#038;p=10134"},"modified":"2026-04-15T15:21:03","modified_gmt":"2026-04-15T18:21:03","slug":"necessaire-poliuretano-personalizado","status":"publish","type":"product","link":"https:\/\/ideiagraficaebrindes.com.br\/en\/product\/necessaire-poliuretano-personalizado\/","title":{"rendered":"N\u00e9cessaire Poliuretano Personalizado"},"content":{"rendered":"<div class=\"desc\">\n<p class=\"desc-tit\">Descri\u00e7\u00e3o:\u00a0<span class=\"desc-sub my-desc-sub\">N\u00e9cessaire confeccionada em filme sint\u00e9tico de poliuretano imperme\u00e1vel. Possui dois bolsos no compartimento interno principal, sendo um com fechamento em z\u00edper e outro em tela de nylon. Disp\u00f5e ainda de compartimento frontal com viseira e revestimento interno em PVC, ideal para guardar itens molhados.<\/span><\/p>\n<\/div>\n<div class=\"desc\">\n<p class=\"desc-tit\">Altura<span class=\"desc-sub\">\u00a0:\u00a0 16 cm<\/span><\/p>\n<\/div>\n<div class=\"desc\">\n<p class=\"desc-tit\">Largura<span class=\"desc-sub\">\u00a0:\u00a0 25 cm<\/span><\/p>\n<\/div>\n<div class=\"desc\">\n<p class=\"desc-tit\">Profundidade<span class=\"desc-sub\">\u00a0:\u00a0 10 cm<\/span><\/p>\n<\/div>\n<div class=\"desc\">\n<p class=\"desc-tit\">Medidas aproximadas para grava\u00e7\u00e3o<span class=\"desc-sub\">\u00a0(CxL):\u00a0 9 cm x 23 cm<\/span><\/p>\n<\/div>\n<div class=\"desc\">\n<p class=\"desc-tit\">Peso aproximado<span class=\"desc-sub\">\u00a0(g):\u00a0 229<\/span><\/p>\n<\/div>","protected":false},"excerpt":{"rendered":"<div class=\"desc\">\n<p class=\"desc-tit\">Descri\u00e7\u00e3o:\u00a0<span class=\"desc-sub my-desc-sub\">N\u00e9cessaire confeccionada em filme sint\u00e9tico de poliuretano imperme\u00e1vel. Possui dois bolsos no compartimento interno principal, sendo um com fechamento em z\u00edper e outro em tela de nylon. Disp\u00f5e ainda de compartimento frontal com viseira e revestimento interno em PVC, ideal para guardar itens molhados.<\/span><\/p>\n<\/div>\n<div class=\"desc\">\n<p class=\"desc-tit\">Altura<span class=\"desc-sub\">\u00a0:\u00a0 16 cm<\/span><\/p>\n<\/div>\n<div class=\"desc\">\n<p class=\"desc-tit\">Largura<span class=\"desc-sub\">\u00a0:\u00a0 25 cm<\/span><\/p>\n<\/div>\n<div class=\"desc\">\n<p class=\"desc-tit\">Profundidade<span class=\"desc-sub\">\u00a0:\u00a0 10 cm<\/span><\/p>\n<\/div>\n<div class=\"desc\">\n<p class=\"desc-tit\">Medidas aproximadas para grava\u00e7\u00e3o<span class=\"desc-sub\">\u00a0(CxL):\u00a0 9 cm x 23 cm<\/span><\/p>\n<\/div>\n<div class=\"desc\">\n<p class=\"desc-tit\">Peso aproximado<span class=\"desc-sub\">\u00a0(g):\u00a0 229<\/span><\/p>\n<\/div>","protected":false},"featured_media":10135,"comment_status":"open","ping_status":"closed","template":"","meta":{"_monsterinsights_skip_tracking":false,"_monsterinsights_sitenote_active":false,"_monsterinsights_sitenote_note":"","_monsterinsights_sitenote_category":0},"product_brand":[],"product_cat":[495,219,310],"product_tag":[311],"class_list":{"0":"post-10134","1":"product","2":"type-product","3":"status-publish","4":"has-post-thumbnail","6":"product_cat-dia-das-maes","7":"product_cat-brindes","8":"product_cat-necessaire","9":"product_tag-necessaire","11":"first","12":"instock","13":"shipping-taxable","14":"product-type-simple"},"yoast_head":"<!-- This site is optimized with the Yoast SEO plugin v27.4 - https:\/\/yoast.com\/product\/yoast-seo-wordpress\/ -->\n<title>N\u00e9cessaire Poliuretano Personalizado - Ideia Gr\u00e1fica e Brindes<\/title>\n<meta name=\"description\" content=\"N\u00e9cessaire confeccionada em filme sint\u00e9tico de poliuretano imperme\u00e1vel. Possui dois bolsos no compartimento interno principal\" \/>\n<meta name=\"robots\" content=\"index, follow, max-snippet:-1, max-image-preview:large, max-video-preview:-1\" \/>\n<link rel=\"canonical\" href=\"https:\/\/ideiagraficaebrindes.com.br\/en\/product\/necessaire-poliuretano-personalizado\/\" \/>\n<meta property=\"og:locale\" content=\"en_US\" \/>\n<meta property=\"og:type\" content=\"article\" \/>\n<meta property=\"og:title\" content=\"N\u00e9cessaire Poliuretano Personalizado - Ideia Gr\u00e1fica e Brindes\" \/>\n<meta property=\"og:description\" content=\"N\u00e9cessaire confeccionada em filme sint\u00e9tico de poliuretano imperme\u00e1vel. Possui dois bolsos no compartimento interno principal\" \/>\n<meta property=\"og:url\" content=\"https:\/\/ideiagraficaebrindes.com.br\/en\/product\/necessaire-poliuretano-personalizado\/\" \/>\n<meta property=\"og:site_name\" content=\"Ideia Gr\u00e1fica e Brindes\" \/>\n<meta property=\"og:image\" content=\"https:\/\/ideiagraficaebrindes.com.br\/wp-content\/uploads\/2026\/04\/Necessaire-Poliuretano-26322d1-1763737672.jpg\" \/>\n\t<meta property=\"og:image:width\" content=\"1000\" \/>\n\t<meta property=\"og:image:height\" content=\"1000\" \/>\n\t<meta property=\"og:image:type\" content=\"image\/jpeg\" \/>\n<meta name=\"twitter:card\" content=\"summary_large_image\" \/>\n<meta name=\"twitter:label1\" content=\"Est. reading time\" \/>\n\t<meta name=\"twitter:data1\" content=\"1 minute\" \/>\n<script type=\"application\/ld+json\" class=\"yoast-schema-graph\">{\"@context\":\"https:\\\/\\\/schema.org\",\"@graph\":[{\"@type\":\"WebPage\",\"@id\":\"https:\\\/\\\/ideiagraficaebrindes.com.br\\\/en\\\/product\\\/necessaire-poliuretano-personalizado\\\/\",\"url\":\"https:\\\/\\\/ideiagraficaebrindes.com.br\\\/en\\\/product\\\/necessaire-poliuretano-personalizado\\\/\",\"name\":\"N\u00e9cessaire Poliuretano Personalizado - Ideia Gr\u00e1fica e Brindes\",\"isPartOf\":{\"@id\":\"https:\\\/\\\/ideiagraficaebrindes.com.br\\\/#website\"},\"primaryImageOfPage\":{\"@id\":\"https:\\\/\\\/ideiagraficaebrindes.com.br\\\/en\\\/product\\\/necessaire-poliuretano-personalizado\\\/#primaryimage\"},\"image\":{\"@id\":\"https:\\\/\\\/ideiagraficaebrindes.com.br\\\/en\\\/product\\\/necessaire-poliuretano-personalizado\\\/#primaryimage\"},\"thumbnailUrl\":\"https:\\\/\\\/ideiagraficaebrindes.com.br\\\/wp-content\\\/uploads\\\/2026\\\/04\\\/Necessaire-Poliuretano-26322d1-1763737672.jpg\",\"datePublished\":\"2026-04-15T18:21:03+00:00\",\"description\":\"N\u00e9cessaire confeccionada em filme sint\u00e9tico de poliuretano imperme\u00e1vel. Possui dois bolsos no compartimento interno principal\",\"breadcrumb\":{\"@id\":\"https:\\\/\\\/ideiagraficaebrindes.com.br\\\/en\\\/product\\\/necessaire-poliuretano-personalizado\\\/#breadcrumb\"},\"inLanguage\":\"en-US\",\"potentialAction\":[{\"@type\":\"ReadAction\",\"target\":[\"https:\\\/\\\/ideiagraficaebrindes.com.br\\\/en\\\/product\\\/necessaire-poliuretano-personalizado\\\/\"]}]},{\"@type\":\"ImageObject\",\"inLanguage\":\"en-US\",\"@id\":\"https:\\\/\\\/ideiagraficaebrindes.com.br\\\/en\\\/product\\\/necessaire-poliuretano-personalizado\\\/#primaryimage\",\"url\":\"https:\\\/\\\/ideiagraficaebrindes.com.br\\\/wp-content\\\/uploads\\\/2026\\\/04\\\/Necessaire-Poliuretano-26322d1-1763737672.jpg\",\"contentUrl\":\"https:\\\/\\\/ideiagraficaebrindes.com.br\\\/wp-content\\\/uploads\\\/2026\\\/04\\\/Necessaire-Poliuretano-26322d1-1763737672.jpg\",\"width\":1000,\"height\":1000},{\"@type\":\"BreadcrumbList\",\"@id\":\"https:\\\/\\\/ideiagraficaebrindes.com.br\\\/en\\\/product\\\/necessaire-poliuretano-personalizado\\\/#breadcrumb\",\"itemListElement\":[{\"@type\":\"ListItem\",\"position\":1,\"name\":\"In\u00edcio\",\"item\":\"https:\\\/\\\/ideiagraficaebrindes.com.br\\\/\"},{\"@type\":\"ListItem\",\"position\":2,\"name\":\"Loja\",\"item\":\"https:\\\/\\\/ideiagraficaebrindes.com.br\\\/loja\\\/\"},{\"@type\":\"ListItem\",\"position\":3,\"name\":\"N\u00e9cessaire Poliuretano Personalizado\"}]},{\"@type\":\"WebSite\",\"@id\":\"https:\\\/\\\/ideiagraficaebrindes.com.br\\\/#website\",\"url\":\"https:\\\/\\\/ideiagraficaebrindes.com.br\\\/\",\"name\":\"Ideia Gr\u00e1fica e Brindes\",\"description\":\"Brindes Personalizados e Impress\u00e3o em geral\",\"potentialAction\":[{\"@type\":\"SearchAction\",\"target\":{\"@type\":\"EntryPoint\",\"urlTemplate\":\"https:\\\/\\\/ideiagraficaebrindes.com.br\\\/?s={search_term_string}\"},\"query-input\":{\"@type\":\"PropertyValueSpecification\",\"valueRequired\":true,\"valueName\":\"search_term_string\"}}],\"inLanguage\":\"en-US\"}]}<\/script>\n<!-- \/ Yoast SEO plugin. -->","yoast_head_json":{"title":"N\u00e9cessaire Poliuretano Personalizado - Ideia Gr\u00e1fica e Brindes","description":"N\u00e9cessaire confeccionada em filme sint\u00e9tico de poliuretano imperme\u00e1vel. Possui dois bolsos no compartimento interno principal","robots":{"index":"index","follow":"follow","max-snippet":"max-snippet:-1","max-image-preview":"max-image-preview:large","max-video-preview":"max-video-preview:-1"},"canonical":"https:\/\/ideiagraficaebrindes.com.br\/en\/product\/necessaire-poliuretano-personalizado\/","og_locale":"en_US","og_type":"article","og_title":"N\u00e9cessaire Poliuretano Personalizado - Ideia Gr\u00e1fica e Brindes","og_description":"N\u00e9cessaire confeccionada em filme sint\u00e9tico de poliuretano imperme\u00e1vel. Possui dois bolsos no compartimento interno principal","og_url":"https:\/\/ideiagraficaebrindes.com.br\/en\/product\/necessaire-poliuretano-personalizado\/","og_site_name":"Ideia Gr\u00e1fica e Brindes","og_image":[{"width":1000,"height":1000,"url":"https:\/\/ideiagraficaebrindes.com.br\/wp-content\/uploads\/2026\/04\/Necessaire-Poliuretano-26322d1-1763737672.jpg","type":"image\/jpeg"}],"twitter_card":"summary_large_image","twitter_misc":{"Est. reading time":"1 minute"},"schema":{"@context":"https:\/\/schema.org","@graph":[{"@type":"WebPage","@id":"https:\/\/ideiagraficaebrindes.com.br\/en\/product\/necessaire-poliuretano-personalizado\/","url":"https:\/\/ideiagraficaebrindes.com.br\/en\/product\/necessaire-poliuretano-personalizado\/","name":"N\u00e9cessaire Poliuretano Personalizado - Ideia Gr\u00e1fica e Brindes","isPartOf":{"@id":"https:\/\/ideiagraficaebrindes.com.br\/#website"},"primaryImageOfPage":{"@id":"https:\/\/ideiagraficaebrindes.com.br\/en\/product\/necessaire-poliuretano-personalizado\/#primaryimage"},"image":{"@id":"https:\/\/ideiagraficaebrindes.com.br\/en\/product\/necessaire-poliuretano-personalizado\/#primaryimage"},"thumbnailUrl":"https:\/\/ideiagraficaebrindes.com.br\/wp-content\/uploads\/2026\/04\/Necessaire-Poliuretano-26322d1-1763737672.jpg","datePublished":"2026-04-15T18:21:03+00:00","description":"N\u00e9cessaire confeccionada em filme sint\u00e9tico de poliuretano imperme\u00e1vel. Possui dois bolsos no compartimento interno principal","breadcrumb":{"@id":"https:\/\/ideiagraficaebrindes.com.br\/en\/product\/necessaire-poliuretano-personalizado\/#breadcrumb"},"inLanguage":"en-US","potentialAction":[{"@type":"ReadAction","target":["https:\/\/ideiagraficaebrindes.com.br\/en\/product\/necessaire-poliuretano-personalizado\/"]}]},{"@type":"ImageObject","inLanguage":"en-US","@id":"https:\/\/ideiagraficaebrindes.com.br\/en\/product\/necessaire-poliuretano-personalizado\/#primaryimage","url":"https:\/\/ideiagraficaebrindes.com.br\/wp-content\/uploads\/2026\/04\/Necessaire-Poliuretano-26322d1-1763737672.jpg","contentUrl":"https:\/\/ideiagraficaebrindes.com.br\/wp-content\/uploads\/2026\/04\/Necessaire-Poliuretano-26322d1-1763737672.jpg","width":1000,"height":1000},{"@type":"BreadcrumbList","@id":"https:\/\/ideiagraficaebrindes.com.br\/en\/product\/necessaire-poliuretano-personalizado\/#breadcrumb","itemListElement":[{"@type":"ListItem","position":1,"name":"In\u00edcio","item":"https:\/\/ideiagraficaebrindes.com.br\/"},{"@type":"ListItem","position":2,"name":"Loja","item":"https:\/\/ideiagraficaebrindes.com.br\/loja\/"},{"@type":"ListItem","position":3,"name":"N\u00e9cessaire Poliuretano Personalizado"}]},{"@type":"WebSite","@id":"https:\/\/ideiagraficaebrindes.com.br\/#website","url":"https:\/\/ideiagraficaebrindes.com.br\/","name":"Ideia Gr\u00e1fica e Brindes","description":"Brindes Personalizados e Impress\u00e3o em geral","potentialAction":[{"@type":"SearchAction","target":{"@type":"EntryPoint","urlTemplate":"https:\/\/ideiagraficaebrindes.com.br\/?s={search_term_string}"},"query-input":{"@type":"PropertyValueSpecification","valueRequired":true,"valueName":"search_term_string"}}],"inLanguage":"en-US"}]}},"_links":{"self":[{"href":"https:\/\/ideiagraficaebrindes.com.br\/en\/wp-json\/wp\/v2\/product\/10134","targetHints":{"allow":["GET"]}}],"collection":[{"href":"https:\/\/ideiagraficaebrindes.com.br\/en\/wp-json\/wp\/v2\/product"}],"about":[{"href":"https:\/\/ideiagraficaebrindes.com.br\/en\/wp-json\/wp\/v2\/types\/product"}],"replies":[{"embeddable":true,"href":"https:\/\/ideiagraficaebrindes.com.br\/en\/wp-json\/wp\/v2\/comments?post=10134"}],"wp:featuredmedia":[{"embeddable":true,"href":"https:\/\/ideiagraficaebrindes.com.br\/en\/wp-json\/wp\/v2\/media\/10135"}],"wp:attachment":[{"href":"https:\/\/ideiagraficaebrindes.com.br\/en\/wp-json\/wp\/v2\/media?parent=10134"}],"wp:term":[{"taxonomy":"product_brand","embeddable":true,"href":"https:\/\/ideiagraficaebrindes.com.br\/en\/wp-json\/wp\/v2\/product_brand?post=10134"},{"taxonomy":"product_cat","embeddable":true,"href":"https:\/\/ideiagraficaebrindes.com.br\/en\/wp-json\/wp\/v2\/product_cat?post=10134"},{"taxonomy":"product_tag","embeddable":true,"href":"https:\/\/ideiagraficaebrindes.com.br\/en\/wp-json\/wp\/v2\/product_tag?post=10134"}],"curies":[{"name":"wp","href":"https:\/\/api.w.org\/{rel}","templated":true}]}}