{"id":10120,"date":"2026-04-15T10:14:02","date_gmt":"2026-04-15T13:14:02","guid":{"rendered":"https:\/\/ideiagraficaebrindes.com.br\/?post_type=product&#038;p=10120"},"modified":"2026-04-15T10:14:02","modified_gmt":"2026-04-15T13:14:02","slug":"mochila-pu-impermeavel-32l-personalizada","status":"publish","type":"product","link":"https:\/\/ideiagraficaebrindes.com.br\/en\/product\/mochila-pu-impermeavel-32l-personalizada\/","title":{"rendered":"Mochila PU Imperme\u00e1vel 32L Personalizada"},"content":{"rendered":"<div class=\"desc\">\n<p class=\"desc-tit\">Descri\u00e7\u00e3o:\u00a0<span class=\"desc-sub my-desc-sub\">Design funcional e resistente! A mochila de poliuretano imperme\u00e1vel de 32 litros \u00e9 a escolha ideal para quem busca seguran\u00e7a no transporte de itens. Com tr\u00eas compartimentos, sendo o principal com bolso interno, fechamento em velcro e fivela, al\u00e9m de um compartimento traseiro no estilo antifurto, esta mochila oferece organiza\u00e7\u00e3o e prote\u00e7\u00e3o para os pertences. Conta tamb\u00e9m com dois bolsos laterais de f\u00e1cil acesso, al\u00e7a para engate em malas de viagem, al\u00e7a de m\u00e3o e al\u00e7as para costas ajust\u00e1veis com revestimento espumado, garantindo conforto durante o uso.<\/span><\/p>\n<\/div>\n<div class=\"desc\">\n<p class=\"desc-tit\">Altura<span class=\"desc-sub\">\u00a0:\u00a0 50 cm<\/span><\/p>\n<\/div>\n<div class=\"desc\">\n<p class=\"desc-tit\">Largura<span class=\"desc-sub\">\u00a0:\u00a0 30 cm<\/span><\/p>\n<\/div>\n<div class=\"desc\">\n<p class=\"desc-tit\">Profundidade<span class=\"desc-sub\">\u00a0:\u00a0 14 cm<\/span><\/p>\n<\/div>\n<div class=\"desc\">\n<p class=\"desc-tit\">Medidas aproximadas para grava\u00e7\u00e3o<span class=\"desc-sub\">\u00a0(CxL):\u00a0 26 cm x 28 cm<\/span><\/p>\n<\/div>\n<div class=\"desc\">\n<p class=\"desc-tit\">Peso aproximado<span class=\"desc-sub\">\u00a0(g):\u00a0 732<\/span><\/p>\n<\/div>","protected":false},"excerpt":{"rendered":"<div class=\"desc\">\n<p class=\"desc-tit\">Descri\u00e7\u00e3o:\u00a0<span class=\"desc-sub my-desc-sub\">Design funcional e resistente! A mochila de poliuretano imperme\u00e1vel de 32 litros \u00e9 a escolha ideal para quem busca seguran\u00e7a no transporte de itens. Com tr\u00eas compartimentos, sendo o principal com bolso interno, fechamento em velcro e fivela, al\u00e9m de um compartimento traseiro no estilo antifurto, esta mochila oferece organiza\u00e7\u00e3o e prote\u00e7\u00e3o para os pertences. Conta tamb\u00e9m com dois bolsos laterais de f\u00e1cil acesso, al\u00e7a para engate em malas de viagem, al\u00e7a de m\u00e3o e al\u00e7as para costas ajust\u00e1veis com revestimento espumado, garantindo conforto durante o uso.<\/span><\/p>\n<\/div>\n<div class=\"desc\">\n<p class=\"desc-tit\">Altura<span class=\"desc-sub\">\u00a0:\u00a0 50 cm<\/span><\/p>\n<\/div>\n<div class=\"desc\">\n<p class=\"desc-tit\">Largura<span class=\"desc-sub\">\u00a0:\u00a0 30 cm<\/span><\/p>\n<\/div>\n<div class=\"desc\">\n<p class=\"desc-tit\">Profundidade<span class=\"desc-sub\">\u00a0:\u00a0 14 cm<\/span><\/p>\n<\/div>\n<div class=\"desc\">\n<p class=\"desc-tit\">Medidas aproximadas para grava\u00e7\u00e3o<span class=\"desc-sub\">\u00a0(CxL):\u00a0 26 cm x 28 cm<\/span><\/p>\n<\/div>\n<div class=\"desc\">\n<p class=\"desc-tit\">Peso aproximado<span class=\"desc-sub\">\u00a0(g):\u00a0 732<\/span><\/p>\n<\/div>","protected":false},"featured_media":10121,"comment_status":"open","ping_status":"closed","template":"","meta":{"_monsterinsights_skip_tracking":false,"_monsterinsights_sitenote_active":false,"_monsterinsights_sitenote_note":"","_monsterinsights_sitenote_category":0},"product_brand":[],"product_cat":[495,219,349],"product_tag":[307],"class_list":{"0":"post-10120","1":"product","2":"type-product","3":"status-publish","4":"has-post-thumbnail","6":"product_cat-dia-das-maes","7":"product_cat-brindes","8":"product_cat-mochila-e-malas","9":"product_tag-mochila","11":"first","12":"instock","13":"shipping-taxable","14":"product-type-simple"},"yoast_head":"<!-- This site is optimized with the Yoast SEO plugin v27.4 - https:\/\/yoast.com\/product\/yoast-seo-wordpress\/ -->\n<title>Mochila PU Imperme\u00e1vel 32L Personalizada - Ideia Gr\u00e1fica e Brindes<\/title>\n<meta name=\"robots\" content=\"index, follow, max-snippet:-1, max-image-preview:large, max-video-preview:-1\" \/>\n<link rel=\"canonical\" href=\"https:\/\/ideiagraficaebrindes.com.br\/en\/product\/mochila-pu-impermeavel-32l-personalizada\/\" \/>\n<meta property=\"og:locale\" content=\"en_US\" \/>\n<meta property=\"og:type\" content=\"article\" \/>\n<meta property=\"og:title\" content=\"Mochila PU Imperme\u00e1vel 32L Personalizada - Ideia Gr\u00e1fica e Brindes\" \/>\n<meta property=\"og:description\" content=\"Descri\u00e7\u00e3o:\u00a0Design funcional e resistente! A mochila de poliuretano imperme\u00e1vel de 32 litros \u00e9 a escolha ideal para quem busca seguran\u00e7a no transporte de itens. Com tr\u00eas compartimentos, sendo o principal com bolso interno, fechamento em velcro e fivela, al\u00e9m de um compartimento traseiro no estilo antifurto, esta mochila oferece organiza\u00e7\u00e3o e prote\u00e7\u00e3o para os pertences. Conta tamb\u00e9m com dois bolsos laterais de f\u00e1cil acesso, al\u00e7a para engate em malas de viagem, al\u00e7a de m\u00e3o e al\u00e7as para costas ajust\u00e1veis com revestimento espumado, garantindo conforto durante o uso.    Altura\u00a0:\u00a0 50 cm    Largura\u00a0:\u00a0 30 cm    Profundidade\u00a0:\u00a0 14 cm    Medidas aproximadas para grava\u00e7\u00e3o\u00a0(CxL):\u00a0 26 cm x 28 cm    Peso aproximado\u00a0(g):\u00a0 732\" \/>\n<meta property=\"og:url\" content=\"https:\/\/ideiagraficaebrindes.com.br\/en\/product\/mochila-pu-impermeavel-32l-personalizada\/\" \/>\n<meta property=\"og:site_name\" content=\"Ideia Gr\u00e1fica e Brindes\" \/>\n<meta property=\"og:image\" content=\"https:\/\/ideiagraficaebrindes.com.br\/wp-content\/uploads\/2026\/04\/Mochila-PU-Impermeavel-23-Litros-22498-1741201134.jpg\" \/>\n\t<meta property=\"og:image:width\" content=\"1000\" \/>\n\t<meta property=\"og:image:height\" content=\"1000\" \/>\n\t<meta property=\"og:image:type\" content=\"image\/jpeg\" \/>\n<meta name=\"twitter:card\" content=\"summary_large_image\" \/>\n<meta name=\"twitter:label1\" content=\"Est. reading time\" \/>\n\t<meta name=\"twitter:data1\" content=\"1 minute\" \/>\n<script type=\"application\/ld+json\" class=\"yoast-schema-graph\">{\"@context\":\"https:\\\/\\\/schema.org\",\"@graph\":[{\"@type\":\"WebPage\",\"@id\":\"https:\\\/\\\/ideiagraficaebrindes.com.br\\\/en\\\/product\\\/mochila-pu-impermeavel-32l-personalizada\\\/\",\"url\":\"https:\\\/\\\/ideiagraficaebrindes.com.br\\\/en\\\/product\\\/mochila-pu-impermeavel-32l-personalizada\\\/\",\"name\":\"Mochila PU Imperme\u00e1vel 32L Personalizada - Ideia Gr\u00e1fica e Brindes\",\"isPartOf\":{\"@id\":\"https:\\\/\\\/ideiagraficaebrindes.com.br\\\/#website\"},\"primaryImageOfPage\":{\"@id\":\"https:\\\/\\\/ideiagraficaebrindes.com.br\\\/en\\\/product\\\/mochila-pu-impermeavel-32l-personalizada\\\/#primaryimage\"},\"image\":{\"@id\":\"https:\\\/\\\/ideiagraficaebrindes.com.br\\\/en\\\/product\\\/mochila-pu-impermeavel-32l-personalizada\\\/#primaryimage\"},\"thumbnailUrl\":\"https:\\\/\\\/ideiagraficaebrindes.com.br\\\/wp-content\\\/uploads\\\/2026\\\/04\\\/Mochila-PU-Impermeavel-23-Litros-22498-1741201134.jpg\",\"datePublished\":\"2026-04-15T13:14:02+00:00\",\"breadcrumb\":{\"@id\":\"https:\\\/\\\/ideiagraficaebrindes.com.br\\\/en\\\/product\\\/mochila-pu-impermeavel-32l-personalizada\\\/#breadcrumb\"},\"inLanguage\":\"en-US\",\"potentialAction\":[{\"@type\":\"ReadAction\",\"target\":[\"https:\\\/\\\/ideiagraficaebrindes.com.br\\\/en\\\/product\\\/mochila-pu-impermeavel-32l-personalizada\\\/\"]}]},{\"@type\":\"ImageObject\",\"inLanguage\":\"en-US\",\"@id\":\"https:\\\/\\\/ideiagraficaebrindes.com.br\\\/en\\\/product\\\/mochila-pu-impermeavel-32l-personalizada\\\/#primaryimage\",\"url\":\"https:\\\/\\\/ideiagraficaebrindes.com.br\\\/wp-content\\\/uploads\\\/2026\\\/04\\\/Mochila-PU-Impermeavel-23-Litros-22498-1741201134.jpg\",\"contentUrl\":\"https:\\\/\\\/ideiagraficaebrindes.com.br\\\/wp-content\\\/uploads\\\/2026\\\/04\\\/Mochila-PU-Impermeavel-23-Litros-22498-1741201134.jpg\",\"width\":1000,\"height\":1000},{\"@type\":\"BreadcrumbList\",\"@id\":\"https:\\\/\\\/ideiagraficaebrindes.com.br\\\/en\\\/product\\\/mochila-pu-impermeavel-32l-personalizada\\\/#breadcrumb\",\"itemListElement\":[{\"@type\":\"ListItem\",\"position\":1,\"name\":\"In\u00edcio\",\"item\":\"https:\\\/\\\/ideiagraficaebrindes.com.br\\\/\"},{\"@type\":\"ListItem\",\"position\":2,\"name\":\"Loja\",\"item\":\"https:\\\/\\\/ideiagraficaebrindes.com.br\\\/loja\\\/\"},{\"@type\":\"ListItem\",\"position\":3,\"name\":\"Mochila PU Imperme\u00e1vel 32L Personalizada\"}]},{\"@type\":\"WebSite\",\"@id\":\"https:\\\/\\\/ideiagraficaebrindes.com.br\\\/#website\",\"url\":\"https:\\\/\\\/ideiagraficaebrindes.com.br\\\/\",\"name\":\"Ideia Gr\u00e1fica e Brindes\",\"description\":\"Brindes Personalizados e Impress\u00e3o em geral\",\"potentialAction\":[{\"@type\":\"SearchAction\",\"target\":{\"@type\":\"EntryPoint\",\"urlTemplate\":\"https:\\\/\\\/ideiagraficaebrindes.com.br\\\/?s={search_term_string}\"},\"query-input\":{\"@type\":\"PropertyValueSpecification\",\"valueRequired\":true,\"valueName\":\"search_term_string\"}}],\"inLanguage\":\"en-US\"}]}<\/script>\n<!-- \/ Yoast SEO plugin. -->","yoast_head_json":{"title":"Mochila PU Imperme\u00e1vel 32L Personalizada - Ideia Gr\u00e1fica e Brindes","robots":{"index":"index","follow":"follow","max-snippet":"max-snippet:-1","max-image-preview":"max-image-preview:large","max-video-preview":"max-video-preview:-1"},"canonical":"https:\/\/ideiagraficaebrindes.com.br\/en\/product\/mochila-pu-impermeavel-32l-personalizada\/","og_locale":"en_US","og_type":"article","og_title":"Mochila PU Imperme\u00e1vel 32L Personalizada - Ideia Gr\u00e1fica e Brindes","og_description":"Descri\u00e7\u00e3o:\u00a0Design funcional e resistente! A mochila de poliuretano imperme\u00e1vel de 32 litros \u00e9 a escolha ideal para quem busca seguran\u00e7a no transporte de itens. Com tr\u00eas compartimentos, sendo o principal com bolso interno, fechamento em velcro e fivela, al\u00e9m de um compartimento traseiro no estilo antifurto, esta mochila oferece organiza\u00e7\u00e3o e prote\u00e7\u00e3o para os pertences. Conta tamb\u00e9m com dois bolsos laterais de f\u00e1cil acesso, al\u00e7a para engate em malas de viagem, al\u00e7a de m\u00e3o e al\u00e7as para costas ajust\u00e1veis com revestimento espumado, garantindo conforto durante o uso.    Altura\u00a0:\u00a0 50 cm    Largura\u00a0:\u00a0 30 cm    Profundidade\u00a0:\u00a0 14 cm    Medidas aproximadas para grava\u00e7\u00e3o\u00a0(CxL):\u00a0 26 cm x 28 cm    Peso aproximado\u00a0(g):\u00a0 732","og_url":"https:\/\/ideiagraficaebrindes.com.br\/en\/product\/mochila-pu-impermeavel-32l-personalizada\/","og_site_name":"Ideia Gr\u00e1fica e Brindes","og_image":[{"width":1000,"height":1000,"url":"https:\/\/ideiagraficaebrindes.com.br\/wp-content\/uploads\/2026\/04\/Mochila-PU-Impermeavel-23-Litros-22498-1741201134.jpg","type":"image\/jpeg"}],"twitter_card":"summary_large_image","twitter_misc":{"Est. reading time":"1 minute"},"schema":{"@context":"https:\/\/schema.org","@graph":[{"@type":"WebPage","@id":"https:\/\/ideiagraficaebrindes.com.br\/en\/product\/mochila-pu-impermeavel-32l-personalizada\/","url":"https:\/\/ideiagraficaebrindes.com.br\/en\/product\/mochila-pu-impermeavel-32l-personalizada\/","name":"Mochila PU Imperme\u00e1vel 32L Personalizada - Ideia Gr\u00e1fica e Brindes","isPartOf":{"@id":"https:\/\/ideiagraficaebrindes.com.br\/#website"},"primaryImageOfPage":{"@id":"https:\/\/ideiagraficaebrindes.com.br\/en\/product\/mochila-pu-impermeavel-32l-personalizada\/#primaryimage"},"image":{"@id":"https:\/\/ideiagraficaebrindes.com.br\/en\/product\/mochila-pu-impermeavel-32l-personalizada\/#primaryimage"},"thumbnailUrl":"https:\/\/ideiagraficaebrindes.com.br\/wp-content\/uploads\/2026\/04\/Mochila-PU-Impermeavel-23-Litros-22498-1741201134.jpg","datePublished":"2026-04-15T13:14:02+00:00","breadcrumb":{"@id":"https:\/\/ideiagraficaebrindes.com.br\/en\/product\/mochila-pu-impermeavel-32l-personalizada\/#breadcrumb"},"inLanguage":"en-US","potentialAction":[{"@type":"ReadAction","target":["https:\/\/ideiagraficaebrindes.com.br\/en\/product\/mochila-pu-impermeavel-32l-personalizada\/"]}]},{"@type":"ImageObject","inLanguage":"en-US","@id":"https:\/\/ideiagraficaebrindes.com.br\/en\/product\/mochila-pu-impermeavel-32l-personalizada\/#primaryimage","url":"https:\/\/ideiagraficaebrindes.com.br\/wp-content\/uploads\/2026\/04\/Mochila-PU-Impermeavel-23-Litros-22498-1741201134.jpg","contentUrl":"https:\/\/ideiagraficaebrindes.com.br\/wp-content\/uploads\/2026\/04\/Mochila-PU-Impermeavel-23-Litros-22498-1741201134.jpg","width":1000,"height":1000},{"@type":"BreadcrumbList","@id":"https:\/\/ideiagraficaebrindes.com.br\/en\/product\/mochila-pu-impermeavel-32l-personalizada\/#breadcrumb","itemListElement":[{"@type":"ListItem","position":1,"name":"In\u00edcio","item":"https:\/\/ideiagraficaebrindes.com.br\/"},{"@type":"ListItem","position":2,"name":"Loja","item":"https:\/\/ideiagraficaebrindes.com.br\/loja\/"},{"@type":"ListItem","position":3,"name":"Mochila PU Imperme\u00e1vel 32L Personalizada"}]},{"@type":"WebSite","@id":"https:\/\/ideiagraficaebrindes.com.br\/#website","url":"https:\/\/ideiagraficaebrindes.com.br\/","name":"Ideia Gr\u00e1fica e Brindes","description":"Brindes Personalizados e Impress\u00e3o em geral","potentialAction":[{"@type":"SearchAction","target":{"@type":"EntryPoint","urlTemplate":"https:\/\/ideiagraficaebrindes.com.br\/?s={search_term_string}"},"query-input":{"@type":"PropertyValueSpecification","valueRequired":true,"valueName":"search_term_string"}}],"inLanguage":"en-US"}]}},"_links":{"self":[{"href":"https:\/\/ideiagraficaebrindes.com.br\/en\/wp-json\/wp\/v2\/product\/10120","targetHints":{"allow":["GET"]}}],"collection":[{"href":"https:\/\/ideiagraficaebrindes.com.br\/en\/wp-json\/wp\/v2\/product"}],"about":[{"href":"https:\/\/ideiagraficaebrindes.com.br\/en\/wp-json\/wp\/v2\/types\/product"}],"replies":[{"embeddable":true,"href":"https:\/\/ideiagraficaebrindes.com.br\/en\/wp-json\/wp\/v2\/comments?post=10120"}],"wp:featuredmedia":[{"embeddable":true,"href":"https:\/\/ideiagraficaebrindes.com.br\/en\/wp-json\/wp\/v2\/media\/10121"}],"wp:attachment":[{"href":"https:\/\/ideiagraficaebrindes.com.br\/en\/wp-json\/wp\/v2\/media?parent=10120"}],"wp:term":[{"taxonomy":"product_brand","embeddable":true,"href":"https:\/\/ideiagraficaebrindes.com.br\/en\/wp-json\/wp\/v2\/product_brand?post=10120"},{"taxonomy":"product_cat","embeddable":true,"href":"https:\/\/ideiagraficaebrindes.com.br\/en\/wp-json\/wp\/v2\/product_cat?post=10120"},{"taxonomy":"product_tag","embeddable":true,"href":"https:\/\/ideiagraficaebrindes.com.br\/en\/wp-json\/wp\/v2\/product_tag?post=10120"}],"curies":[{"name":"wp","href":"https:\/\/api.w.org\/{rel}","templated":true}]}}