{"id":3362,"date":"2021-06-08T16:36:01","date_gmt":"2021-06-08T19:36:01","guid":{"rendered":"http:\/\/dev01.clientes.testemangue.com.br\/Valber\/ideia-grafica\/?page_id=3362"},"modified":"2021-07-01T14:11:21","modified_gmt":"2021-07-01T17:11:21","slug":"selecao-especial","status":"publish","type":"page","link":"https:\/\/ideiagraficaebrindes.com.br\/en\/selecao-especial\/","title":{"rendered":"Sele\u00e7\u00e3o Especial"},"content":{"rendered":"<div class=\"wpb-content-wrapper\"><div class=\"vc_row wpb_row vc_row-fluid\"><div class=\"wpb_column vc_column_container vc_col-sm-12\" data-equalizer-watch><div class=\"wpb_wrapper\">\r\n  <ul class=\"content masque large-block-grid-3 medium-block-grid-2 small-block-grid-1\" data-numberitem=\"3\" data-margin=\"10\">\r\n                <li class=\"grid_hover\" >\r\n        <figure class=\"effect-layla\">\r\n          <img loading=\"lazy\" decoding=\"async\" width=\"850\" height=\"540\" src=\"https:\/\/ideiagraficaebrindes.com.br\/wp-content\/uploads\/2018\/01\/BER-850x540.jpg\" class=\"attachment-revaldak_portfolio size-revaldak_portfolio wp-post-image\" alt=\"\" \/>          <figcaption>\r\n            <div>\r\n              <h2>Kit Corporativo Personalizado<\/h2>\r\n              <p>A ideia participa ativamente das\u2026<\/p>\r\n            <\/div>\r\n            <a href=\"https:\/\/ideiagraficaebrindes.com.br\/en\/portfolio\/nice-projects\/\">View more<\/a>\r\n                      <\/figcaption>\r\n        <\/figure>\r\n      <\/li>\r\n      \r\n                <li class=\"grid_hover\" >\r\n        <figure class=\"effect-layla\">\r\n          <img loading=\"lazy\" decoding=\"async\" width=\"850\" height=\"540\" src=\"https:\/\/ideiagraficaebrindes.com.br\/wp-content\/uploads\/2018\/01\/b0173a7a-1e56-4861-8608-0588ce976a33-850x540.jpg\" class=\"attachment-revaldak_portfolio size-revaldak_portfolio wp-post-image\" alt=\"\" \/>          <figcaption>\r\n            <div>\r\n              <h2>Kit Tardezinha do KIFI<\/h2>\r\n              <p>Esse Kit maravilhoso, desenvolvido para\u2026<\/p>\r\n            <\/div>\r\n            <a href=\"https:\/\/ideiagraficaebrindes.com.br\/en\/portfolio\/morbi-non-sem-a-lacus-porta-4\/\">View more<\/a>\r\n                      <\/figcaption>\r\n        <\/figure>\r\n      <\/li>\r\n      \r\n      <\/ul>\r\n  \r\r\r\r\r<div class=\"revaldak_empty_space\" data-heightmobile=\"110\" data-heighttablet=\"60\" data-heightdesktop=\"120\">\r\r\r\r<\/div>\r\r      \r\r\r\r\r\r\r\r        \r\r      \r\r    <\/div><\/div><\/div>\n<\/div>","protected":false},"excerpt":{"rendered":"Esse Kit maravilhoso, desenvolvido para o evento Tardezinha do KIFI no estilo Poll Party, produtos cheio de cores e \u00fanicos desenvolvidos aqui mesmo por n\u00f3s! Se liga nos brindes que\u00a0 fizeram parte: \u00d3culos de Sol com hastes personalizadas Copos Twister em diversas cores Ta\u00e7a de Gin Personalizada Gostou?\u00a0 Entre em contato com nossa equipe","protected":false},"author":1,"featured_media":0,"parent":0,"menu_order":0,"comment_status":"closed","ping_status":"closed","template":"","meta":{"_monsterinsights_skip_tracking":false,"_monsterinsights_sitenote_active":false,"_monsterinsights_sitenote_note":"","_monsterinsights_sitenote_category":0,"footnotes":""},"class_list":["post-3362","page","type-page","status-publish","hentry"],"yoast_head":"<!-- This site is optimized with the Yoast SEO plugin v27.4 - https:\/\/yoast.com\/product\/yoast-seo-wordpress\/ -->\n<title>Sele\u00e7\u00e3o Especial - Ideia Gr\u00e1fica e Brindes<\/title>\n<meta name=\"robots\" content=\"index, follow, max-snippet:-1, max-image-preview:large, max-video-preview:-1\" \/>\n<link rel=\"canonical\" href=\"https:\/\/ideiagraficaebrindes.com.br\/en\/selecao-especial\/\" \/>\n<meta property=\"og:locale\" content=\"en_US\" \/>\n<meta property=\"og:type\" content=\"article\" \/>\n<meta property=\"og:title\" content=\"Sele\u00e7\u00e3o Especial - Ideia Gr\u00e1fica e Brindes\" \/>\n<meta property=\"og:url\" content=\"https:\/\/ideiagraficaebrindes.com.br\/en\/selecao-especial\/\" \/>\n<meta property=\"og:site_name\" content=\"Ideia Gr\u00e1fica e Brindes\" \/>\n<meta property=\"article:modified_time\" content=\"2021-07-01T17:11:21+00:00\" \/>\n<meta name=\"twitter:card\" content=\"summary_large_image\" \/>\n<meta name=\"twitter:label1\" content=\"Est. reading time\" \/>\n\t<meta name=\"twitter:data1\" content=\"1 minute\" \/>\n<script type=\"application\/ld+json\" class=\"yoast-schema-graph\">{\"@context\":\"https:\\\/\\\/schema.org\",\"@graph\":[{\"@type\":\"WebPage\",\"@id\":\"https:\\\/\\\/ideiagraficaebrindes.com.br\\\/en\\\/selecao-especial\\\/\",\"url\":\"https:\\\/\\\/ideiagraficaebrindes.com.br\\\/en\\\/selecao-especial\\\/\",\"name\":\"Sele\u00e7\u00e3o Especial - Ideia Gr\u00e1fica e Brindes\",\"isPartOf\":{\"@id\":\"https:\\\/\\\/ideiagraficaebrindes.com.br\\\/#website\"},\"datePublished\":\"2021-06-08T19:36:01+00:00\",\"dateModified\":\"2021-07-01T17:11:21+00:00\",\"breadcrumb\":{\"@id\":\"https:\\\/\\\/ideiagraficaebrindes.com.br\\\/en\\\/selecao-especial\\\/#breadcrumb\"},\"inLanguage\":\"en-US\",\"potentialAction\":[{\"@type\":\"ReadAction\",\"target\":[\"https:\\\/\\\/ideiagraficaebrindes.com.br\\\/en\\\/selecao-especial\\\/\"]}]},{\"@type\":\"BreadcrumbList\",\"@id\":\"https:\\\/\\\/ideiagraficaebrindes.com.br\\\/en\\\/selecao-especial\\\/#breadcrumb\",\"itemListElement\":[{\"@type\":\"ListItem\",\"position\":1,\"name\":\"In\u00edcio\",\"item\":\"https:\\\/\\\/ideiagraficaebrindes.com.br\\\/\"},{\"@type\":\"ListItem\",\"position\":2,\"name\":\"Sele\u00e7\u00e3o Especial\"}]},{\"@type\":\"WebSite\",\"@id\":\"https:\\\/\\\/ideiagraficaebrindes.com.br\\\/#website\",\"url\":\"https:\\\/\\\/ideiagraficaebrindes.com.br\\\/\",\"name\":\"Ideia Gr\u00e1fica e Brindes\",\"description\":\"Brindes Personalizados e Impress\u00e3o em geral\",\"potentialAction\":[{\"@type\":\"SearchAction\",\"target\":{\"@type\":\"EntryPoint\",\"urlTemplate\":\"https:\\\/\\\/ideiagraficaebrindes.com.br\\\/?s={search_term_string}\"},\"query-input\":{\"@type\":\"PropertyValueSpecification\",\"valueRequired\":true,\"valueName\":\"search_term_string\"}}],\"inLanguage\":\"en-US\"}]}<\/script>\n<!-- \/ Yoast SEO plugin. -->","yoast_head_json":{"title":"Sele\u00e7\u00e3o Especial - Ideia Gr\u00e1fica e Brindes","robots":{"index":"index","follow":"follow","max-snippet":"max-snippet:-1","max-image-preview":"max-image-preview:large","max-video-preview":"max-video-preview:-1"},"canonical":"https:\/\/ideiagraficaebrindes.com.br\/en\/selecao-especial\/","og_locale":"en_US","og_type":"article","og_title":"Sele\u00e7\u00e3o Especial - Ideia Gr\u00e1fica e Brindes","og_url":"https:\/\/ideiagraficaebrindes.com.br\/en\/selecao-especial\/","og_site_name":"Ideia Gr\u00e1fica e Brindes","article_modified_time":"2021-07-01T17:11:21+00:00","twitter_card":"summary_large_image","twitter_misc":{"Est. reading time":"1 minute"},"schema":{"@context":"https:\/\/schema.org","@graph":[{"@type":"WebPage","@id":"https:\/\/ideiagraficaebrindes.com.br\/en\/selecao-especial\/","url":"https:\/\/ideiagraficaebrindes.com.br\/en\/selecao-especial\/","name":"Sele\u00e7\u00e3o Especial - Ideia Gr\u00e1fica e Brindes","isPartOf":{"@id":"https:\/\/ideiagraficaebrindes.com.br\/#website"},"datePublished":"2021-06-08T19:36:01+00:00","dateModified":"2021-07-01T17:11:21+00:00","breadcrumb":{"@id":"https:\/\/ideiagraficaebrindes.com.br\/en\/selecao-especial\/#breadcrumb"},"inLanguage":"en-US","potentialAction":[{"@type":"ReadAction","target":["https:\/\/ideiagraficaebrindes.com.br\/en\/selecao-especial\/"]}]},{"@type":"BreadcrumbList","@id":"https:\/\/ideiagraficaebrindes.com.br\/en\/selecao-especial\/#breadcrumb","itemListElement":[{"@type":"ListItem","position":1,"name":"In\u00edcio","item":"https:\/\/ideiagraficaebrindes.com.br\/"},{"@type":"ListItem","position":2,"name":"Sele\u00e7\u00e3o Especial"}]},{"@type":"WebSite","@id":"https:\/\/ideiagraficaebrindes.com.br\/#website","url":"https:\/\/ideiagraficaebrindes.com.br\/","name":"Ideia Gr\u00e1fica e Brindes","description":"Brindes Personalizados e Impress\u00e3o em geral","potentialAction":[{"@type":"SearchAction","target":{"@type":"EntryPoint","urlTemplate":"https:\/\/ideiagraficaebrindes.com.br\/?s={search_term_string}"},"query-input":{"@type":"PropertyValueSpecification","valueRequired":true,"valueName":"search_term_string"}}],"inLanguage":"en-US"}]}},"_links":{"self":[{"href":"https:\/\/ideiagraficaebrindes.com.br\/en\/wp-json\/wp\/v2\/pages\/3362","targetHints":{"allow":["GET"]}}],"collection":[{"href":"https:\/\/ideiagraficaebrindes.com.br\/en\/wp-json\/wp\/v2\/pages"}],"about":[{"href":"https:\/\/ideiagraficaebrindes.com.br\/en\/wp-json\/wp\/v2\/types\/page"}],"author":[{"embeddable":true,"href":"https:\/\/ideiagraficaebrindes.com.br\/en\/wp-json\/wp\/v2\/users\/1"}],"replies":[{"embeddable":true,"href":"https:\/\/ideiagraficaebrindes.com.br\/en\/wp-json\/wp\/v2\/comments?post=3362"}],"version-history":[{"count":2,"href":"https:\/\/ideiagraficaebrindes.com.br\/en\/wp-json\/wp\/v2\/pages\/3362\/revisions"}],"predecessor-version":[{"id":3392,"href":"https:\/\/ideiagraficaebrindes.com.br\/en\/wp-json\/wp\/v2\/pages\/3362\/revisions\/3392"}],"wp:attachment":[{"href":"https:\/\/ideiagraficaebrindes.com.br\/en\/wp-json\/wp\/v2\/media?parent=3362"}],"curies":[{"name":"wp","href":"https:\/\/api.w.org\/{rel}","templated":true}]}}