{"id":2997,"date":"2017-11-01T16:50:19","date_gmt":"2017-11-01T16:50:19","guid":{"rendered":"http:\/\/themes.webdevia.com\/printing-printshop-wordpress-theme\/?page_id=2997"},"modified":"2021-07-01T14:08:37","modified_gmt":"2021-07-01T17:08:37","slug":"orcamento","status":"publish","type":"page","link":"https:\/\/ideiagraficaebrindes.com.br\/en\/orcamento\/","title":{"rendered":"Or\u00e7amento"},"content":{"rendered":"<div class=\"wpb-content-wrapper\"><div class=\"vc_row wpb_row vc_row-fluid vc_custom_1509555581533\"><div class=\"wpb_column vc_column_container vc_col-sm-12\" data-equalizer-watch><div class=\"wpb_wrapper\"><div class=\"vc_row wpb_row vc_inner vc_row-fluid\"><div class=\"wpb_column vc_column_container vc_col-sm-3\" data-equalizer-watch><div class=\"wpb_wrapper\"><\/div><\/div><div class=\"wpb_column vc_column_container vc_col-sm-6\" data-equalizer-watch><div class=\"wpb_wrapper\">\t\t<div class=\"wd-heading   text-center\" >\r\t\t\t\r      \r      <h2 style=\"margin:0;font-size:35px;color:#000000;\" >\r\t\t\t\t\tSolicite seu Or\u00e7amento\t\t\t\t<\/h2>\r\r              <hr style='border-color: #1e73be; margin: 20px 0;'\/>\r              <p style=\"color:#9b9b9b;\" >\r\t\t\t\t\tSolicite seu or\u00e7amento gr\u00e1tis agora mesmo! Preencha e envie o formul\u00e1rio abaixo que logo um dos nossos consultores ir\u00e1 lhe atender.\t\t\t\t<\/p>\r      \r      \r    \t\t<\/div>\r\r\t\t<\/div><\/div><div class=\"wpb_column vc_column_container vc_col-sm-3\" data-equalizer-watch><div class=\"wpb_wrapper\"><\/div><\/div><\/div><\/div><\/div><\/div><div class=\"vc_row wpb_row vc_row-fluid vc_column-gap-35\"><div class=\"wpb_column vc_column_container vc_col-sm-6\" data-equalizer-watch><div class=\"wpb_wrapper\">\n<div class=\"wpcf7 no-js\" id=\"wpcf7-f3024-o1\" lang=\"en-US\" dir=\"ltr\" data-wpcf7-id=\"3024\">\n<div class=\"screen-reader-response\"><p role=\"status\" aria-live=\"polite\" aria-atomic=\"true\"><\/p> <ul><\/ul><\/div>\n<form action=\"\/en\/wp-json\/wp\/v2\/pages\/2997#wpcf7-f3024-o1\" method=\"post\" class=\"wpcf7-form init\" aria-label=\"Contact form\" enctype=\"multipart\/form-data\" novalidate=\"novalidate\" data-status=\"init\" data-trp-original-action=\"\/en\/wp-json\/wp\/v2\/pages\/2997#wpcf7-f3024-o1\">\n<div style=\"display: none;\">\n<input type=\"hidden\" name=\"_wpcf7\" value=\"3024\" \/>\n<input type=\"hidden\" name=\"_wpcf7_version\" value=\"6.0.6\" \/>\n<input type=\"hidden\" name=\"_wpcf7_locale\" value=\"en_US\" \/>\n<input type=\"hidden\" name=\"_wpcf7_unit_tag\" value=\"wpcf7-f3024-o1\" \/>\n<input type=\"hidden\" name=\"_wpcf7_container_post\" value=\"0\" \/>\n<input type=\"hidden\" name=\"_wpcf7_posted_data_hash\" value=\"\" \/>\n<input type=\"hidden\" name=\"_wpcf7_recaptcha_response\" value=\"\" \/>\n<\/div>\n<div class=\"quote-form\">\n\t<p><span class=\"wpcf7-form-control-wrap\" data-name=\"contact-name\"><input size=\"40\" maxlength=\"400\" class=\"wpcf7-form-control wpcf7-text\" aria-invalid=\"false\" placeholder=\"Seu nome\" value=\"\" type=\"text\" name=\"contact-name\" \/><\/span><br \/>\n<span class=\"wpcf7-form-control-wrap\" data-name=\"cnpj\"><input size=\"40\" maxlength=\"400\" class=\"wpcf7-form-control wpcf7-text\" aria-invalid=\"false\" placeholder=\"CPF ou CNPJ\" value=\"\" type=\"text\" name=\"cnpj\" \/><\/span><br \/>\n<span class=\"wpcf7-form-control-wrap\" data-name=\"your-email\"><input size=\"40\" maxlength=\"400\" class=\"wpcf7-form-control wpcf7-email wpcf7-validates-as-required wpcf7-text wpcf7-validates-as-email\" aria-required=\"true\" aria-invalid=\"false\" placeholder=\"Seu e-mail\" value=\"\" type=\"email\" name=\"your-email\" \/><\/span><br \/>\n<span class=\"wpcf7-form-control-wrap\" data-name=\"phone\"><input size=\"40\" maxlength=\"400\" class=\"wpcf7-form-control wpcf7-text\" aria-invalid=\"false\" placeholder=\"Seu telefone\" value=\"\" type=\"text\" name=\"phone\" \/><\/span><br \/>\n<span class=\"wpcf7-form-control-wrap\" data-name=\"items\"><select class=\"wpcf7-form-control wpcf7-select\" aria-invalid=\"false\" name=\"items\"><option value=\"Escolha o tipo\">Escolha o tipo<\/option><option value=\"Impress\u00e3o em geral\">Impress\u00e3o em geral<\/option><option value=\"Brindes Personalizados\">Brindes Personalizados<\/option><option value=\"Sele\u00e7\u00e3o Especial\">Sele\u00e7\u00e3o Especial<\/option><option value=\"Outro\">Outro<\/option><\/select><\/span><br \/>\n<span class=\"wpcf7-form-control-wrap\" data-name=\"text-627\"><input size=\"40\" maxlength=\"400\" class=\"wpcf7-form-control wpcf7-text wpcf7-validates-as-required\" aria-required=\"true\" aria-invalid=\"false\" placeholder=\"Descreva o produto\" value=\"\" type=\"text\" name=\"text-627\" \/><\/span><br \/>\n<span class=\"wpcf7-form-control-wrap\" data-name=\"item-color\"><input size=\"40\" maxlength=\"400\" class=\"wpcf7-form-control wpcf7-text\" aria-invalid=\"false\" placeholder=\"Cor\" value=\"\" type=\"text\" name=\"item-color\" \/><\/span><br \/>\n<span class=\"wpcf7-form-control-wrap\" data-name=\"quantity\"><input class=\"wpcf7-form-control wpcf7-number wpcf7-validates-as-number\" aria-invalid=\"false\" placeholder=\"Quantidade\" value=\"\" type=\"number\" name=\"quantity\" \/><\/span><br \/>\n<span class=\"wpcf7-form-control-wrap\" data-name=\"file-885\"><input size=\"40\" class=\"wpcf7-form-control wpcf7-file\" accept=\".jpg,.png,.pdf,.cdr,.psd,.docx,.xls\" aria-invalid=\"false\" type=\"file\" name=\"file-885\" \/><\/span><br \/>\n<span class=\"wpcf7-form-control-wrap\" data-name=\"your-message\"><textarea cols=\"40\" rows=\"4\" maxlength=\"2000\" class=\"wpcf7-form-control wpcf7-textarea\" aria-invalid=\"false\" placeholder=\"Sua mensagem\" name=\"your-message\"><\/textarea><\/span><br \/>\n<input class=\"wpcf7-form-control wpcf7-submit has-spinner\" type=\"submit\" value=\"Solicitar Or\u00e7amento\" \/>\n\t<\/p>\n<\/div><p style=\"display: none !important;\" class=\"akismet-fields-container\" data-prefix=\"_wpcf7_ak_\"><label>\u0394<textarea name=\"_wpcf7_ak_hp_textarea\" cols=\"45\" rows=\"8\" maxlength=\"100\"><\/textarea><\/label><input type=\"hidden\" id=\"ak_js_1\" name=\"_wpcf7_ak_js\" value=\"168\"\/><script>document.getElementById( \"ak_js_1\" ).setAttribute( \"value\", ( new Date() ).getTime() );<\/script><\/p><div class=\"wpcf7-response-output\" aria-hidden=\"true\"><\/div>\n<input type=\"hidden\" name=\"trp-form-language\" value=\"en\"\/><\/form>\n<\/div>\n\r\r\r\r\r<div class=\"revaldak_empty_space\" data-heightmobile=\"20\" data-heighttablet=\"10\" data-heightdesktop=\"50\">\r\r\r\r<\/div>\r\r      \r\r\r\r\r\r\r\r        \r\r      \r\r    <\/div><\/div><div class=\"wpb_column vc_column_container vc_col-sm-6\" data-equalizer-watch><div class=\"wpb_wrapper\">\n\t<div  class=\"wpb_single_image wpb_content_element vc_align_center wpb_content_element\">\n\t\t\n\t\t<figure class=\"wpb_wrapper vc_figure\">\n\t\t\t<div class=\"vc_single_image-wrapper   vc_box_border_grey\"><img loading=\"lazy\" decoding=\"async\" width=\"625\" height=\"937\" src=\"https:\/\/ideiagraficaebrindes.com.br\/wp-content\/uploads\/2021\/06\/img-orcamento-vertical-683x1024.jpg\" class=\"vc_single_image-img attachment-large\" alt=\"Solicite um Or\u00e7amento\" title=\"Solicite um Or\u00e7amento\" srcset=\"https:\/\/ideiagraficaebrindes.com.br\/wp-content\/uploads\/2021\/06\/img-orcamento-vertical-683x1024.jpg 683w, https:\/\/ideiagraficaebrindes.com.br\/wp-content\/uploads\/2021\/06\/img-orcamento-vertical-200x300.jpg 200w, https:\/\/ideiagraficaebrindes.com.br\/wp-content\/uploads\/2021\/06\/img-orcamento-vertical-768x1152.jpg 768w, https:\/\/ideiagraficaebrindes.com.br\/wp-content\/uploads\/2021\/06\/img-orcamento-vertical-600x900.jpg 600w, https:\/\/ideiagraficaebrindes.com.br\/wp-content\/uploads\/2021\/06\/img-orcamento-vertical.jpg 1000w\" sizes=\"auto, (max-width: 625px) 100vw, 625px\" \/><\/div>\n\t\t<\/figure>\n\t<\/div>\n\r\r\r\r\r<div class=\"revaldak_empty_space\" data-heightmobile=\"20\" data-heighttablet=\"10\" data-heightdesktop=\"50\">\r\r\r\r<\/div>\r\r      \r\r\r\r\r\r\r\r        \r\r      \r\r    <\/div><\/div><\/div>\n<\/div>","protected":false},"excerpt":{"rendered":"Solicite seu Or\u00e7amento Solicite seu or\u00e7amento gr\u00e1tis agora mesmo! Preencha e envie o formul\u00e1rio abaixo que logo um dos nossos consultores ir\u00e1 lhe atender. Escolha o tipoImpress\u00e3o em geralBrindes PersonalizadosSele\u00e7\u00e3o EspecialOutro \u0394","protected":false},"author":1,"featured_media":0,"parent":0,"menu_order":0,"comment_status":"closed","ping_status":"closed","template":"","meta":{"_monsterinsights_skip_tracking":false,"_monsterinsights_sitenote_active":false,"_monsterinsights_sitenote_note":"","_monsterinsights_sitenote_category":0,"footnotes":""},"class_list":["post-2997","page","type-page","status-publish","hentry"],"yoast_head":"<!-- This site is optimized with the Yoast SEO plugin v27.4 - https:\/\/yoast.com\/product\/yoast-seo-wordpress\/ -->\n<title>Or\u00e7amento - Ideia Gr\u00e1fica e Brindes<\/title>\n<meta name=\"robots\" content=\"index, follow, max-snippet:-1, max-image-preview:large, max-video-preview:-1\" \/>\n<link rel=\"canonical\" href=\"https:\/\/ideiagraficaebrindes.com.br\/en\/orcamento\/\" \/>\n<meta property=\"og:locale\" content=\"en_US\" \/>\n<meta property=\"og:type\" content=\"article\" \/>\n<meta property=\"og:title\" content=\"Or\u00e7amento - Ideia Gr\u00e1fica e Brindes\" \/>\n<meta property=\"og:url\" content=\"https:\/\/ideiagraficaebrindes.com.br\/en\/orcamento\/\" \/>\n<meta property=\"og:site_name\" content=\"Ideia Gr\u00e1fica e Brindes\" \/>\n<meta property=\"article:modified_time\" content=\"2021-07-01T17:08:37+00:00\" \/>\n<meta name=\"twitter:card\" content=\"summary_large_image\" \/>\n<meta name=\"twitter:label1\" content=\"Est. reading time\" \/>\n\t<meta name=\"twitter:data1\" content=\"1 minute\" \/>\n<script type=\"application\/ld+json\" class=\"yoast-schema-graph\">{\"@context\":\"https:\\\/\\\/schema.org\",\"@graph\":[{\"@type\":\"WebPage\",\"@id\":\"https:\\\/\\\/ideiagraficaebrindes.com.br\\\/en\\\/orcamento\\\/\",\"url\":\"https:\\\/\\\/ideiagraficaebrindes.com.br\\\/en\\\/orcamento\\\/\",\"name\":\"Or\u00e7amento - Ideia Gr\u00e1fica e Brindes\",\"isPartOf\":{\"@id\":\"https:\\\/\\\/ideiagraficaebrindes.com.br\\\/#website\"},\"datePublished\":\"2017-11-01T16:50:19+00:00\",\"dateModified\":\"2021-07-01T17:08:37+00:00\",\"breadcrumb\":{\"@id\":\"https:\\\/\\\/ideiagraficaebrindes.com.br\\\/en\\\/orcamento\\\/#breadcrumb\"},\"inLanguage\":\"en-US\",\"potentialAction\":[{\"@type\":\"ReadAction\",\"target\":[\"https:\\\/\\\/ideiagraficaebrindes.com.br\\\/en\\\/orcamento\\\/\"]}]},{\"@type\":\"BreadcrumbList\",\"@id\":\"https:\\\/\\\/ideiagraficaebrindes.com.br\\\/en\\\/orcamento\\\/#breadcrumb\",\"itemListElement\":[{\"@type\":\"ListItem\",\"position\":1,\"name\":\"In\u00edcio\",\"item\":\"https:\\\/\\\/ideiagraficaebrindes.com.br\\\/\"},{\"@type\":\"ListItem\",\"position\":2,\"name\":\"Or\u00e7amento\"}]},{\"@type\":\"WebSite\",\"@id\":\"https:\\\/\\\/ideiagraficaebrindes.com.br\\\/#website\",\"url\":\"https:\\\/\\\/ideiagraficaebrindes.com.br\\\/\",\"name\":\"Ideia Gr\u00e1fica e Brindes\",\"description\":\"Brindes Personalizados e Impress\u00e3o em geral\",\"potentialAction\":[{\"@type\":\"SearchAction\",\"target\":{\"@type\":\"EntryPoint\",\"urlTemplate\":\"https:\\\/\\\/ideiagraficaebrindes.com.br\\\/?s={search_term_string}\"},\"query-input\":{\"@type\":\"PropertyValueSpecification\",\"valueRequired\":true,\"valueName\":\"search_term_string\"}}],\"inLanguage\":\"en-US\"}]}<\/script>\n<!-- \/ Yoast SEO plugin. -->","yoast_head_json":{"title":"Or\u00e7amento - Ideia Gr\u00e1fica e Brindes","robots":{"index":"index","follow":"follow","max-snippet":"max-snippet:-1","max-image-preview":"max-image-preview:large","max-video-preview":"max-video-preview:-1"},"canonical":"https:\/\/ideiagraficaebrindes.com.br\/en\/orcamento\/","og_locale":"en_US","og_type":"article","og_title":"Or\u00e7amento - Ideia Gr\u00e1fica e Brindes","og_url":"https:\/\/ideiagraficaebrindes.com.br\/en\/orcamento\/","og_site_name":"Ideia Gr\u00e1fica e Brindes","article_modified_time":"2021-07-01T17:08:37+00:00","twitter_card":"summary_large_image","twitter_misc":{"Est. reading time":"1 minute"},"schema":{"@context":"https:\/\/schema.org","@graph":[{"@type":"WebPage","@id":"https:\/\/ideiagraficaebrindes.com.br\/en\/orcamento\/","url":"https:\/\/ideiagraficaebrindes.com.br\/en\/orcamento\/","name":"Or\u00e7amento - Ideia Gr\u00e1fica e Brindes","isPartOf":{"@id":"https:\/\/ideiagraficaebrindes.com.br\/#website"},"datePublished":"2017-11-01T16:50:19+00:00","dateModified":"2021-07-01T17:08:37+00:00","breadcrumb":{"@id":"https:\/\/ideiagraficaebrindes.com.br\/en\/orcamento\/#breadcrumb"},"inLanguage":"en-US","potentialAction":[{"@type":"ReadAction","target":["https:\/\/ideiagraficaebrindes.com.br\/en\/orcamento\/"]}]},{"@type":"BreadcrumbList","@id":"https:\/\/ideiagraficaebrindes.com.br\/en\/orcamento\/#breadcrumb","itemListElement":[{"@type":"ListItem","position":1,"name":"In\u00edcio","item":"https:\/\/ideiagraficaebrindes.com.br\/"},{"@type":"ListItem","position":2,"name":"Or\u00e7amento"}]},{"@type":"WebSite","@id":"https:\/\/ideiagraficaebrindes.com.br\/#website","url":"https:\/\/ideiagraficaebrindes.com.br\/","name":"Ideia Gr\u00e1fica e Brindes","description":"Brindes Personalizados e Impress\u00e3o em geral","potentialAction":[{"@type":"SearchAction","target":{"@type":"EntryPoint","urlTemplate":"https:\/\/ideiagraficaebrindes.com.br\/?s={search_term_string}"},"query-input":{"@type":"PropertyValueSpecification","valueRequired":true,"valueName":"search_term_string"}}],"inLanguage":"en-US"}]}},"_links":{"self":[{"href":"https:\/\/ideiagraficaebrindes.com.br\/en\/wp-json\/wp\/v2\/pages\/2997","targetHints":{"allow":["GET"]}}],"collection":[{"href":"https:\/\/ideiagraficaebrindes.com.br\/en\/wp-json\/wp\/v2\/pages"}],"about":[{"href":"https:\/\/ideiagraficaebrindes.com.br\/en\/wp-json\/wp\/v2\/types\/page"}],"author":[{"embeddable":true,"href":"https:\/\/ideiagraficaebrindes.com.br\/en\/wp-json\/wp\/v2\/users\/1"}],"replies":[{"embeddable":true,"href":"https:\/\/ideiagraficaebrindes.com.br\/en\/wp-json\/wp\/v2\/comments?post=2997"}],"version-history":[{"count":11,"href":"https:\/\/ideiagraficaebrindes.com.br\/en\/wp-json\/wp\/v2\/pages\/2997\/revisions"}],"predecessor-version":[{"id":3413,"href":"https:\/\/ideiagraficaebrindes.com.br\/en\/wp-json\/wp\/v2\/pages\/2997\/revisions\/3413"}],"wp:attachment":[{"href":"https:\/\/ideiagraficaebrindes.com.br\/en\/wp-json\/wp\/v2\/media?parent=2997"}],"curies":[{"name":"wp","href":"https:\/\/api.w.org\/{rel}","templated":true}]}}