{"id":2839,"date":"2017-10-27T10:16:14","date_gmt":"2017-10-27T10:16:14","guid":{"rendered":"http:\/\/themes.webdevia.com\/printing-printshop-wordpress-theme\/?page_id=2839"},"modified":"2026-01-06T17:23:17","modified_gmt":"2026-01-06T20:23:17","slug":"contato","status":"publish","type":"page","link":"https:\/\/ideiagraficaebrindes.com.br\/en\/contato\/","title":{"rendered":"Contato"},"content":{"rendered":"<div class=\"wpb-content-wrapper\"><div data-vc-full-width=\"true\" data-vc-full-width-init=\"false\" class=\"vc_row wpb_row vc_row-fluid\"><div class=\"wpb_column vc_column_container vc_col-sm-2\" data-equalizer-watch><div class=\"wpb_wrapper\"><\/div><\/div><div class=\"wpb_column vc_column_container vc_col-sm-8\" data-equalizer-watch><div class=\"wpb_wrapper\">\r\r\r\r\r<div class=\"revaldak_empty_space\" data-heightmobile=\"20\" data-heighttablet=\"30\" data-heightdesktop=\"80\">\r\r\r\r<\/div>\r\r      \r\r\r\r\r\r\r\r        \r\r      \r\r    \t\t<div class=\"wd-heading   text-center\" >\r\t\t\t\r      \r      <h2 style=\"margin:0;font-size:35px;\" >\r\t\t\t\t\tFale com a Ideia Gr\u00e1fica e Brindes\t\t\t\t<\/h2>\r\r              <hr style='border-color: #2dcddd; margin: 20px 0;'\/>\r              <p style=\"\" >\r\t\t\t\t\tPrecisando falar com a gente? Utilize os canais abaixo agora mesmo e entre em contato conosco.\t\t\t\t<\/p>\r      \r      \r    \t\t<\/div>\r\r\t\t\r\r\r\r\r<div class=\"revaldak_empty_space\" data-heightmobile=\"20\" data-heighttablet=\"30\" data-heightdesktop=\"50\">\r\r\r\r<\/div>\r\r      \r\r\r\r\r\r\r\r        \r\r      \r\r    <\/div><\/div><div class=\"wpb_column vc_column_container vc_col-sm-2\" data-equalizer-watch><div class=\"wpb_wrapper\"><\/div><\/div><\/div><div class=\"vc_row-full-width vc_clearfix\"><\/div><div data-vc-full-width=\"true\" data-vc-full-width-init=\"false\" class=\"vc_row wpb_row vc_row-fluid\"><div class=\"wpb_column vc_column_container vc_col-sm-6\" data-equalizer-watch><div class=\"wpb_wrapper\">\t\t<div class=\"wd-heading   text-left\" >\r\t\t\t\r      \r      <h5 style=\"margin:0;color:#00a5ea;text-transform:Uppercase;\" >\r\t\t\t\t\tEnvie uma mensagem\t\t\t\t<\/h5>\r\r        <div style='margin-top: 10px;'><\/div>      \r      \r      \r    \t\t<\/div>\r\r\t\t\n<div class=\"wpcf7 no-js\" id=\"wpcf7-f6-o1\" lang=\"pt-BR\" dir=\"ltr\" data-wpcf7-id=\"6\">\n<div class=\"screen-reader-response\"><p role=\"status\" aria-live=\"polite\" aria-atomic=\"true\"><\/p> <ul><\/ul><\/div>\n<form action=\"\/en\/wp-json\/wp\/v2\/pages\/2839#wpcf7-f6-o1\" method=\"post\" class=\"wpcf7-form init\" aria-label=\"Formul\u00e1rios de contato\" novalidate=\"novalidate\" data-status=\"init\" data-trp-original-action=\"\/en\/wp-json\/wp\/v2\/pages\/2839#wpcf7-f6-o1\">\n<div style=\"display: none;\">\n<input type=\"hidden\" name=\"_wpcf7\" value=\"6\" \/>\n<input type=\"hidden\" name=\"_wpcf7_version\" value=\"6.0.6\" \/>\n<input type=\"hidden\" name=\"_wpcf7_locale\" value=\"pt_BR\" \/>\n<input type=\"hidden\" name=\"_wpcf7_unit_tag\" value=\"wpcf7-f6-o1\" \/>\n<input type=\"hidden\" name=\"_wpcf7_container_post\" value=\"0\" \/>\n<input type=\"hidden\" name=\"_wpcf7_posted_data_hash\" value=\"\" \/>\n<input type=\"hidden\" name=\"_wpcf7_recaptcha_response\" value=\"\" \/>\n<\/div>\n<div class=\"row\">\n\t<div class=\"large-12 columns\">\n\t\t<p><span class=\"wpcf7-form-control-wrap\" data-name=\"your-name\"><input size=\"40\" maxlength=\"400\" class=\"wpcf7-form-control wpcf7-text wpcf7-validates-as-required\" aria-required=\"true\" aria-invalid=\"false\" placeholder=\"Nome\" value=\"\" type=\"text\" name=\"your-name\" \/><\/span>\n\t\t<\/p>\n\t<\/div>\n\t<div class=\"large-12 columns\">\n\t\t<p><span class=\"wpcf7-form-control-wrap\" data-name=\"your-email\"><input size=\"40\" maxlength=\"400\" class=\"wpcf7-form-control wpcf7-email wpcf7-validates-as-required wpcf7-text wpcf7-validates-as-email\" aria-required=\"true\" aria-invalid=\"false\" placeholder=\"E-mail\" value=\"\" type=\"email\" name=\"your-email\" \/><\/span>\n\t\t<\/p>\n\t<\/div>\n\t<div class=\"large-12 columns\">\n\t\t<p><span class=\"wpcf7-form-control-wrap\" data-name=\"tel-735\"><input size=\"40\" maxlength=\"400\" class=\"wpcf7-form-control wpcf7-tel wpcf7-validates-as-required wpcf7-text wpcf7-validates-as-tel\" aria-required=\"true\" aria-invalid=\"false\" placeholder=\"Telefone\" value=\"\" type=\"tel\" name=\"tel-735\" \/><\/span>\n\t\t<\/p>\n\t<\/div>\n\t<div class=\"large-12 columns\">\n\t\t<p><span class=\"wpcf7-form-control-wrap\" data-name=\"your-subject\"><input size=\"40\" maxlength=\"400\" class=\"wpcf7-form-control wpcf7-text wpcf7-validates-as-required\" aria-required=\"true\" aria-invalid=\"false\" placeholder=\"Assunto\" value=\"\" type=\"text\" name=\"your-subject\" \/><\/span>\n\t\t<\/p>\n\t<\/div>\n\t<div class=\"large-12 columns\">\n\t\t<p><span class=\"wpcf7-form-control-wrap\" data-name=\"your-message\"><textarea cols=\"40\" rows=\"10\" maxlength=\"2000\" class=\"wpcf7-form-control wpcf7-textarea\" aria-invalid=\"false\" placeholder=\"Mensagem\" name=\"your-message\"><\/textarea><\/span>\n\t\t<\/p>\n\t<\/div>\n\t<div class=\"large-12 columns\">\n\t\t<p><button type=\"submit\" class=\"contact-form-btn\">Enviar<\/button>\n\t\t<\/p>\n\t<\/div>\n<\/div><p style=\"display: none !important;\" class=\"akismet-fields-container\" data-prefix=\"_wpcf7_ak_\"><label>\u0394<textarea name=\"_wpcf7_ak_hp_textarea\" cols=\"45\" rows=\"8\" maxlength=\"100\"><\/textarea><\/label><input type=\"hidden\" id=\"ak_js_1\" name=\"_wpcf7_ak_js\" value=\"115\"\/><script>document.getElementById( \"ak_js_1\" ).setAttribute( \"value\", ( new Date() ).getTime() );<\/script><\/p><div class=\"wpcf7-response-output\" aria-hidden=\"true\"><\/div>\n<input type=\"hidden\" name=\"trp-form-language\" value=\"en\"\/><\/form>\n<\/div>\n<\/div><\/div><div class=\"wpb_column vc_column_container vc_col-sm-1\" data-equalizer-watch><div class=\"wpb_wrapper\"><\/div><\/div><div class=\"wpb_column vc_column_container vc_col-sm-5\" data-equalizer-watch><div class=\"wpb_wrapper\">\t\t<div class=\"wd-heading   text-left\" >\r\t\t\t\r      \r      <h5 style=\"margin:0;color:#00a5ea;text-transform:Uppercase;\" >\r\t\t\t\t\tTelefone \/ Whatsapp\t\t\t\t<\/h5>\r\r        <div style='margin-top: 10px;'><\/div>      \r              <p style=\"\" >\r\t\t\t\t\t(38) 99133-3384\t\t\t\t<\/p>\r      \r      \r    \t\t<\/div>\r\r\t\t\r\r\r\r\r<div class=\"revaldak_empty_space\" data-heightmobile=\"20\" data-heighttablet=\"20\" data-heightdesktop=\"20\">\r\r\r\r<\/div>\r\r      \r\r\r\r\r\r\r\r        \r\r      \r\r    \t\t<div class=\"wd-heading   text-left\" >\r\t\t\t\r      \r      <h5 style=\"margin:0;color:#00a5ea;text-transform:Uppercase;\" >\r\t\t\t\t\tE-mail\t\t\t\t<\/h5>\r\r        <div style='margin-top: 10px;'><\/div>      \r              <p style=\"\" >\r\t\t\t\t\tcontato@ideiagraficaebrindes.com.br\t\t\t\t<\/p>\r      \r      \r    \t\t<\/div>\r\r\t\t\r\r\r\r\r<div class=\"revaldak_empty_space\" data-heightmobile=\"20\" data-heighttablet=\"20\" data-heightdesktop=\"20\">\r\r\r\r<\/div>\r\r      \r\r\r\r\r\r\r\r        \r\r      \r\r    \t\t<div class=\"wd-heading   text-left\" >\r\t\t\t\r      \r      <h5 style=\"margin:0;color:#00a5ea;text-transform:Uppercase;\" >\r\t\t\t\t\tEndere\u00e7o\t\t\t\t<\/h5>\r\r        <div style='margin-top: 10px;'><\/div>      \r              <p style=\"\" >\r\t\t\t\t\tTravessa Humait\u00e1, 59 A, Centro - Janu\u00e1ria - MG\t\t\t\t<\/p>\r      \r      \r    \t\t<\/div>\r\r\t\t<\/div><\/div><\/div><div class=\"vc_row-full-width vc_clearfix\"><\/div><div data-vc-full-width=\"true\" data-vc-full-width-init=\"false\" data-vc-stretch-content=\"true\" class=\"vc_row wpb_row vc_row-fluid\"><div class=\"wpb_column vc_column_container vc_col-sm-12\" data-equalizer-watch><div class=\"wpb_wrapper\">\r\r\r\r\r<div class=\"revaldak_empty_space\" data-heightmobile=\"30\" data-heighttablet=\"40\" data-heightdesktop=\"80\">\r\r\r\r<\/div>\r\r      \r\r\r\r\r\r\r\r        \r\r      \r\r    <div class=\"wpb_gmaps_widget wpb_content_element\"><div class=\"wpb_wrapper\"><div class=\"wpb_map_wraper\"><iframe src=\"https:\/\/www.google.com\/maps\/embed?pb=!1m18!1m12!1m3!1d3844.8938886642136!2d-44.36150168460575!3d-15.490138819672842!2m3!1f0!2f0!3f0!3m2!1i1024!2i768!4f13.1!3m3!1m2!1s0x7542b805e47ed39%3A0x7062f45d47288036!2sTv.%20Humait%C3%A1%2C%2059a%20-%20Centro%2C%20Janu%C3%A1ria%20-%20MG%2C%2039480-000!5e0!3m2!1spt-BR!2sbr!4v1623175998889!5m2!1spt-BR!2sbr\" width=\"600\" height=\"450\" style=\"border:0;\" allowfullscreen=\"\" loading=\"lazy\"><\/iframe><\/div><\/div><\/div><\/div><\/div><\/div><div class=\"vc_row-full-width vc_clearfix\"><\/div>\n<\/div>","protected":false},"excerpt":{"rendered":"Fale com a Ideia Gr\u00e1fica e Brindes Precisando falar com a gente? Utilize os canais abaixo agora mesmo e entre em contato conosco. Envie uma mensagem Enviar \u0394 Telefone \/ Whatsapp (38) 99133-3384 E-mail contato@ideiagraficaebrindes.com.br Endere\u00e7o Travessa Humait\u00e1, 59 A, Centro - Janu\u00e1ria - MG","protected":false},"author":1,"featured_media":0,"parent":0,"menu_order":0,"comment_status":"closed","ping_status":"closed","template":"","meta":{"_monsterinsights_skip_tracking":false,"_monsterinsights_sitenote_active":false,"_monsterinsights_sitenote_note":"","_monsterinsights_sitenote_category":0,"footnotes":""},"class_list":["post-2839","page","type-page","status-publish","hentry"],"yoast_head":"<!-- This site is optimized with the Yoast SEO plugin v27.4 - https:\/\/yoast.com\/product\/yoast-seo-wordpress\/ -->\n<title>Contato - Ideia Gr\u00e1fica e Brindes<\/title>\n<meta name=\"description\" content=\"Acesse esta p\u00e1gina para entrar em contato com a Ideia Gr\u00e1fica e Brindes. Clique aqui\" \/>\n<meta name=\"robots\" content=\"index, follow, max-snippet:-1, max-image-preview:large, max-video-preview:-1\" \/>\n<link rel=\"canonical\" href=\"https:\/\/ideiagraficaebrindes.com.br\/en\/contato\/\" \/>\n<meta property=\"og:locale\" content=\"en_US\" \/>\n<meta property=\"og:type\" content=\"article\" \/>\n<meta property=\"og:title\" content=\"Contato - Ideia Gr\u00e1fica e Brindes\" \/>\n<meta property=\"og:description\" content=\"Acesse esta p\u00e1gina para entrar em contato com a Ideia Gr\u00e1fica e Brindes. Clique aqui\" \/>\n<meta property=\"og:url\" content=\"https:\/\/ideiagraficaebrindes.com.br\/en\/contato\/\" \/>\n<meta property=\"og:site_name\" content=\"Ideia Gr\u00e1fica e Brindes\" \/>\n<meta property=\"article:modified_time\" content=\"2026-01-06T20:23:17+00:00\" \/>\n<meta name=\"twitter:card\" content=\"summary_large_image\" \/>\n<meta name=\"twitter:label1\" content=\"Est. reading time\" \/>\n\t<meta name=\"twitter:data1\" content=\"1 minute\" \/>\n<script type=\"application\/ld+json\" class=\"yoast-schema-graph\">{\"@context\":\"https:\\\/\\\/schema.org\",\"@graph\":[{\"@type\":\"WebPage\",\"@id\":\"https:\\\/\\\/ideiagraficaebrindes.com.br\\\/contato\\\/\",\"url\":\"https:\\\/\\\/ideiagraficaebrindes.com.br\\\/contato\\\/\",\"name\":\"Contato - Ideia Gr\u00e1fica e Brindes\",\"isPartOf\":{\"@id\":\"https:\\\/\\\/ideiagraficaebrindes.com.br\\\/#website\"},\"datePublished\":\"2017-10-27T10:16:14+00:00\",\"dateModified\":\"2026-01-06T20:23:17+00:00\",\"description\":\"Acesse esta p\u00e1gina para entrar em contato com a Ideia Gr\u00e1fica e Brindes. Clique aqui\",\"breadcrumb\":{\"@id\":\"https:\\\/\\\/ideiagraficaebrindes.com.br\\\/contato\\\/#breadcrumb\"},\"inLanguage\":\"en-US\",\"potentialAction\":[{\"@type\":\"ReadAction\",\"target\":[\"https:\\\/\\\/ideiagraficaebrindes.com.br\\\/contato\\\/\"]}]},{\"@type\":\"BreadcrumbList\",\"@id\":\"https:\\\/\\\/ideiagraficaebrindes.com.br\\\/contato\\\/#breadcrumb\",\"itemListElement\":[{\"@type\":\"ListItem\",\"position\":1,\"name\":\"In\u00edcio\",\"item\":\"https:\\\/\\\/ideiagraficaebrindes.com.br\\\/\"},{\"@type\":\"ListItem\",\"position\":2,\"name\":\"Contato\"}]},{\"@type\":\"WebSite\",\"@id\":\"https:\\\/\\\/ideiagraficaebrindes.com.br\\\/#website\",\"url\":\"https:\\\/\\\/ideiagraficaebrindes.com.br\\\/\",\"name\":\"Ideia Gr\u00e1fica e Brindes\",\"description\":\"Brindes Personalizados e Impress\u00e3o em geral\",\"potentialAction\":[{\"@type\":\"SearchAction\",\"target\":{\"@type\":\"EntryPoint\",\"urlTemplate\":\"https:\\\/\\\/ideiagraficaebrindes.com.br\\\/?s={search_term_string}\"},\"query-input\":{\"@type\":\"PropertyValueSpecification\",\"valueRequired\":true,\"valueName\":\"search_term_string\"}}],\"inLanguage\":\"en-US\"}]}<\/script>\n<!-- \/ Yoast SEO plugin. -->","yoast_head_json":{"title":"Contato - Ideia Gr\u00e1fica e Brindes","description":"Acesse esta p\u00e1gina para entrar em contato com a Ideia Gr\u00e1fica e Brindes. Clique aqui","robots":{"index":"index","follow":"follow","max-snippet":"max-snippet:-1","max-image-preview":"max-image-preview:large","max-video-preview":"max-video-preview:-1"},"canonical":"https:\/\/ideiagraficaebrindes.com.br\/en\/contato\/","og_locale":"en_US","og_type":"article","og_title":"Contato - Ideia Gr\u00e1fica e Brindes","og_description":"Acesse esta p\u00e1gina para entrar em contato com a Ideia Gr\u00e1fica e Brindes. Clique aqui","og_url":"https:\/\/ideiagraficaebrindes.com.br\/en\/contato\/","og_site_name":"Ideia Gr\u00e1fica e Brindes","article_modified_time":"2026-01-06T20:23:17+00:00","twitter_card":"summary_large_image","twitter_misc":{"Est. reading time":"1 minute"},"schema":{"@context":"https:\/\/schema.org","@graph":[{"@type":"WebPage","@id":"https:\/\/ideiagraficaebrindes.com.br\/contato\/","url":"https:\/\/ideiagraficaebrindes.com.br\/contato\/","name":"Contato - Ideia Gr\u00e1fica e Brindes","isPartOf":{"@id":"https:\/\/ideiagraficaebrindes.com.br\/#website"},"datePublished":"2017-10-27T10:16:14+00:00","dateModified":"2026-01-06T20:23:17+00:00","description":"Acesse esta p\u00e1gina para entrar em contato com a Ideia Gr\u00e1fica e Brindes. Clique aqui","breadcrumb":{"@id":"https:\/\/ideiagraficaebrindes.com.br\/contato\/#breadcrumb"},"inLanguage":"en-US","potentialAction":[{"@type":"ReadAction","target":["https:\/\/ideiagraficaebrindes.com.br\/contato\/"]}]},{"@type":"BreadcrumbList","@id":"https:\/\/ideiagraficaebrindes.com.br\/contato\/#breadcrumb","itemListElement":[{"@type":"ListItem","position":1,"name":"In\u00edcio","item":"https:\/\/ideiagraficaebrindes.com.br\/"},{"@type":"ListItem","position":2,"name":"Contato"}]},{"@type":"WebSite","@id":"https:\/\/ideiagraficaebrindes.com.br\/#website","url":"https:\/\/ideiagraficaebrindes.com.br\/","name":"Ideia Gr\u00e1fica e Brindes","description":"Brindes Personalizados e Impress\u00e3o em geral","potentialAction":[{"@type":"SearchAction","target":{"@type":"EntryPoint","urlTemplate":"https:\/\/ideiagraficaebrindes.com.br\/?s={search_term_string}"},"query-input":{"@type":"PropertyValueSpecification","valueRequired":true,"valueName":"search_term_string"}}],"inLanguage":"en-US"}]}},"_links":{"self":[{"href":"https:\/\/ideiagraficaebrindes.com.br\/en\/wp-json\/wp\/v2\/pages\/2839","targetHints":{"allow":["GET"]}}],"collection":[{"href":"https:\/\/ideiagraficaebrindes.com.br\/en\/wp-json\/wp\/v2\/pages"}],"about":[{"href":"https:\/\/ideiagraficaebrindes.com.br\/en\/wp-json\/wp\/v2\/types\/page"}],"author":[{"embeddable":true,"href":"https:\/\/ideiagraficaebrindes.com.br\/en\/wp-json\/wp\/v2\/users\/1"}],"replies":[{"embeddable":true,"href":"https:\/\/ideiagraficaebrindes.com.br\/en\/wp-json\/wp\/v2\/comments?post=2839"}],"version-history":[{"count":9,"href":"https:\/\/ideiagraficaebrindes.com.br\/en\/wp-json\/wp\/v2\/pages\/2839\/revisions"}],"predecessor-version":[{"id":9770,"href":"https:\/\/ideiagraficaebrindes.com.br\/en\/wp-json\/wp\/v2\/pages\/2839\/revisions\/9770"}],"wp:attachment":[{"href":"https:\/\/ideiagraficaebrindes.com.br\/en\/wp-json\/wp\/v2\/media?parent=2839"}],"curies":[{"name":"wp","href":"https:\/\/api.w.org\/{rel}","templated":true}]}}