{"id":22,"date":"2016-05-10T11:56:43","date_gmt":"2016-05-10T11:56:43","guid":{"rendered":"http:\/\/themes.webdevia.com\/factory\/?page_id=22"},"modified":"2021-07-15T22:14:55","modified_gmt":"2021-07-16T01:14:55","slug":"sobre-nos","status":"publish","type":"page","link":"https:\/\/ideiagraficaebrindes.com.br\/en\/sobre-nos\/","title":{"rendered":"Sobre N\u00f3s"},"content":{"rendered":"<div class=\"wpb-content-wrapper\"><div class=\"vc_row wpb_row vc_row-fluid\"><div class=\"wpb_column vc_column_container vc_col-sm-4\" data-equalizer-watch><div class=\"wpb_wrapper\"><\/div><\/div><div class=\"wpb_column vc_column_container vc_col-sm-4\" data-equalizer-watch><div class=\"wpb_wrapper\">\t\t<div class=\"wd-heading   text-center\" >\r\t\t\t\r      \r      <h2 style=\"margin:0;font-size:35px;color:#020202;\" >\r\t\t\t\t\tH\u00e1 quase 10 anos inovando o segmento gr\u00e1fico e de brindes\t\t\t\t<\/h2>\r\r              <hr style='border-color: #49d0e5; margin: 20px 0;'\/>\r              <p style=\"color:#8a8a8a;\" >\r\t\t\t\t\tSomos refer\u00eancia tamb\u00e9m na produ\u00e7\u00e3o de Brindes Personalizados e impressos gr\u00e1ficos para diversos segmentos\t\t\t\t<\/p>\r      \r      \r    \t\t<\/div>\r\r\t\t\r\r\r\r\r<div class=\"revaldak_empty_space\" data-heightmobile=\"10\" data-heighttablet=\"20\" data-heightdesktop=\"50\">\r\r\r\r<\/div>\r\r      \r\r\r\r\r\r\r\r        \r\r      \r\r    <\/div><\/div><div class=\"wpb_column vc_column_container vc_col-sm-4\" data-equalizer-watch><div class=\"wpb_wrapper\"><\/div><\/div><\/div><div class=\"vc_row wpb_row vc_row-fluid\"><div class=\"wpb_column vc_column_container vc_col-sm-12\" data-equalizer-watch><div class=\"wpb_wrapper\"><div class=\"vc_row wpb_row vc_inner vc_row-fluid\"><div class=\"wpb_column vc_column_container vc_col-sm-2\" data-equalizer-watch><div class=\"wpb_wrapper\"><\/div><\/div><div class=\"wpb_column vc_column_container vc_col-sm-8\" data-equalizer-watch><div class=\"wpb_wrapper\">\n\t<div class=\"wpb_text_column wpb_content_element about-us-text-block\" >\n\t\t<div class=\"wpb_wrapper\">\n\t\t\t<p><strong>Transformamos Ideias em Realidade!<\/strong><\/p>\n<p>A Ideia Gr\u00e1fica e Brindes \u00e9 uma empresa criativa. Combinamos estrat\u00e9gia, design e criatividade aliados a total dedica\u00e7\u00e3o aos nossos clientes. Somos especialistas em gr\u00e1fica, brindes e produtos personalizados. Atuando h\u00e1 quase 10 anos no mercado de Janu\u00e1ria, Minas Gerais, atendemos todo o Brasil.<\/p>\n<p>Nossa miss\u00e3o \u00e9 impactar e encantar pessoas, multiplicando o acesso \u00e0s nossas ideias e promovendo inova\u00e7\u00e3o para os nossos clientes (pessoas e organiza\u00e7\u00f5es).<\/p>\n\n\t\t<\/div>\n\t<\/div>\n<\/div><\/div><div class=\"wpb_column vc_column_container vc_col-sm-2\" data-equalizer-watch><div class=\"wpb_wrapper\"><\/div><\/div><\/div>\r\r\r\r\r<div class=\"revaldak_empty_space\" data-heightmobile=\"20\" data-heighttablet=\"40\" data-heightdesktop=\"70\">\r\r\r\r<\/div>\r\r      \r\r\r\r\r\r\r\r        \r\r      \r\r    \n\t<div class=\"wpb_video_widget wpb_content_element vc_clearfix   vc_video-aspect-ratio-169 vc_video-el-width-60 vc_video-align-center\" >\n\t\t<div class=\"wpb_wrapper\">\n\t\t\t\n\t\t\t<div class=\"wpb_video_wrapper\"><iframe loading=\"lazy\" title=\"COMERCIAL IDEIA GR\u00c1FICA   HD\" width=\"500\" height=\"281\" src=\"https:\/\/www.youtube.com\/embed\/YLu518Spxr4?feature=oembed\" frameborder=\"0\" allow=\"accelerometer; autoplay; clipboard-write; encrypted-media; gyroscope; picture-in-picture; web-share\" referrerpolicy=\"strict-origin-when-cross-origin\" allowfullscreen><\/iframe><\/div>\n\t\t<\/div>\n\t<\/div>\n\r\r\r\r\r<div class=\"revaldak_empty_space\" data-heightmobile=\"20\" data-heighttablet=\"40\" data-heightdesktop=\"70\">\r\r\r\r<\/div>\r\r      \r\r\r\r\r\r\r\r        \r\r      \r\r    <\/div><\/div><\/div><div data-vc-full-width=\"true\" data-vc-full-width-init=\"false\" class=\"vc_row wpb_row vc_row-fluid vc_custom_1514911239982 vc_row-has-fill\"><div class=\"wpb_column vc_column_container vc_col-sm-3\" data-equalizer-watch><div class=\"wpb_wrapper\">\r\r\r\t\t<div class=\"clearfix\" style=\"text-align:center\" >\r\r\r\r\t\t\t\r\t\t\t\t\r\t\t\t\t<h5 style=\"color:#ffffff;\" class=\"counter\" data-file=\"2064\">2064 <\/h5>\r\r\t\t\t\t<h2 style=\"font-family:Poppins;color:#ffffff;font-weight:500;font-size:18px;\">Clientes satisfeitos<\/h2>\r\r\r\r\t\t\t\r\r\r\t\t<\/div>\r\r\r\r\t\t<\/div><\/div><div class=\"wpb_column vc_column_container vc_col-sm-3\" data-equalizer-watch><div class=\"wpb_wrapper\">\r\r\r\t\t<div class=\"clearfix\" style=\"text-align:center\" >\r\r\r\r\t\t\t\r\t\t\t\t\r\t\t\t\t<h5 style=\"color:#ffffff;\" class=\"counter\" data-file=\"100000\">100000 <\/h5>\r\r\t\t\t\t<h2 style=\"font-family:Poppins;color:#ffffff;font-weight:500;font-size:18px;\">Brindes Produzidos<\/h2>\r\r\r\r\t\t\t\r\r\r\t\t<\/div>\r\r\r\r\t\t<\/div><\/div><div class=\"wpb_column vc_column_container vc_col-sm-3\" data-equalizer-watch><div class=\"wpb_wrapper\">\r\r\r\t\t<div class=\"clearfix\" style=\"text-align:center\" >\r\r\r\r\t\t\t\r\t\t\t\t\r\t\t\t\t<h5 style=\"color:#ffffff;\" class=\"counter\" data-file=\"260000\">260000 <\/h5>\r\r\t\t\t\t<h2 style=\"font-family:Poppins;color:#ffffff;font-weight:500;font-size:18px;\">Km de impressos produzidos<\/h2>\r\r\r\r\t\t\t\r\r\r\t\t<\/div>\r\r\r\r\t\t<\/div><\/div><div class=\"wpb_column vc_column_container vc_col-sm-3\" data-equalizer-watch><div class=\"wpb_wrapper\">\r\r\r\t\t<div class=\"clearfix\" style=\"text-align:center\" >\r\r\r\r\t\t\t\r\t\t\t\t\r\t\t\t\t<h5 style=\"color:#ffffff;\" class=\"counter\" data-file=\"1200\">1200 <\/h5>\r\r\t\t\t\t<h2 style=\"font-family:Poppins;color:#ffffff;font-weight:500;font-size:18px;\">Empresas atendidas<\/h2>\r\r\r\r\t\t\t\r\r\r\t\t<\/div>\r\r\r\r\t\t<\/div><\/div><\/div><div class=\"vc_row-full-width vc_clearfix\"><\/div><div data-vc-full-width=\"true\" data-vc-full-width-init=\"false\" class=\"vc_row wpb_row vc_row-fluid vc_custom_1514911565585 vc_row-has-fill\"><div class=\"wpb_column vc_column_container vc_col-sm-12\" data-equalizer-watch><div class=\"wpb_wrapper\"><div class=\"vc_row wpb_row vc_inner vc_row-fluid\"><div class=\"wpb_column vc_column_container vc_col-sm-4\" data-equalizer-watch><div class=\"wpb_wrapper\"><\/div><\/div><div class=\"wpb_column vc_column_container vc_col-sm-4\" data-equalizer-watch><div class=\"wpb_wrapper\">\t\t<div class=\"wd-heading   text-center\" >\r\t\t\t\r      \r      <h2 style=\"margin:0;font-size:35px;color:#020202;\" >\r\t\t\t\t\tO que nossos clientes dizem\t\t\t\t<\/h2>\r\r              <hr style='border-color: #49d0e5; margin: 20px 0;'\/>\r              <p style=\"color:#8a8a8a;\" >\r\t\t\t\t\tAdoramos receber feedbacks dos nossos clientes. Veja abaixo alguns deles\t\t\t\t<\/p>\r      \r      \r    \t\t<\/div>\r\r\t\t\r\r\r\r\r<div class=\"revaldak_empty_space\" data-heightmobile=\"20\" data-heighttablet=\"30\" data-heightdesktop=\"80\">\r\r\r\r<\/div>\r\r      \r\r\r\r\r\r\r\r        \r\r      \r\r    <\/div><\/div><div class=\"wpb_column vc_column_container vc_col-sm-4\" data-equalizer-watch><div class=\"wpb_wrapper\"><\/div><\/div><\/div>\r      <div class=\"layout-4-testimonials\" >\r      \n<!-- This file should primarily consist of HTML with a little bit of PHP. -->\n<div class=\"wc_public_wrapper wc_tool_text\">\n\t\t\t<p id=\"wc_tooltip\"><a href=\"https:\/\/api.whatsapp.com\/send?phone=5538991333384&text=Ol\u00e1%20vim%20atrav\u00e9s%20do%20site!%20:)%20Gostaria%20de%20saber%20mais%20informa\u00e7\u00f5es%20e%20ser%20atendido%20por%20voc\u00eas.%20\" class=\"wc_icon_display wc_medium wc_bottom_right\" tooltip=\"Fale com a Ideia!\" target=\"_blank\" style=\"background-color:#189d0e;border-color:#ffffff;display:inline-block !important;\"><i class=\"fa fa-whatsapp\" aria-hidden=\"true\"><\/i><\/a>\n\t\t<input type=\"hidden\" id=\"wc_main_hvr_color\" value=\"#189d0e\">\n\t\t\t<input type=\"hidden\" id=\"wc_main_bdr_color\" value=\"#ffffff\">\n\t\t<\/p>\n\t\t<\/div>            <div class=\"testimonial-box\">\r            <div class=\"box\">\r              <p>Empresa Top, refer\u00eancia em brindes e comunica\u00e7\u00e3o visual na regi\u00e3o. Atende todo o Brasil.<\/p>\n            <\/div>\r            <div class=\"author-info\">\r              <div class=\"author-img\">\r                              <\/div>\r              <div class=\"author-name-job\">\r                <h6 class=\"testimonial-title\" style=\"font-size:14px;color:#000000;text-transform:uppercase;letter-spacing:2px;font-style:normal;\">\r                  Rafael Farias Gon\u00e7alves                <\/h6>\r                <span class=\"job-title\" style=\"font-size:13px;color:#000000;text-transform:none;font-style:normal;\">\r                                  <\/span>\r              <\/div>\r            <\/div>\r          <\/div>\r                  <div class=\"testimonial-box\">\r            <div class=\"box\">\r              <p>Eu trabalho com a gr\u00e1fica ideia h\u00e1 mais de 08 anos. Nunca tive nenhum problema. Servi\u00e7o de qualidade e pre\u00e7o justo. Eu recomendo!<\/p>\n            <\/div>\r            <div class=\"author-info\">\r              <div class=\"author-img\">\r                              <\/div>\r              <div class=\"author-name-job\">\r                <h6 class=\"testimonial-title\" style=\"font-size:14px;color:#000000;text-transform:uppercase;letter-spacing:2px;font-style:normal;\">\r                  La\u00eds Moreira                <\/h6>\r                <span class=\"job-title\" style=\"font-size:13px;color:#000000;text-transform:none;font-style:normal;\">\r                                  <\/span>\r              <\/div>\r            <\/div>\r          <\/div>\r                  <div class=\"testimonial-box\">\r            <div class=\"box\">\r              <p>otimo lugar, com excelentes profissionais<\/p>\n            <\/div>\r            <div class=\"author-info\">\r              <div class=\"author-img\">\r                              <\/div>\r              <div class=\"author-name-job\">\r                <h6 class=\"testimonial-title\" style=\"font-size:14px;color:#000000;text-transform:uppercase;letter-spacing:2px;font-style:normal;\">\r                  Jan C\u00e2ndido                <\/h6>\r                <span class=\"job-title\" style=\"font-size:13px;color:#000000;text-transform:none;font-style:normal;\">\r                                  <\/span>\r              <\/div>\r            <\/div>\r          <\/div>\r                  <div class=\"testimonial-box\">\r            <div class=\"box\">\r              <p>Duis aute irure dolor in reprehenderit in voluptate velit esse cillum dolore Ventage or dorent eu.<\/p>\n            <\/div>\r            <div class=\"author-info\">\r              <div class=\"author-img\">\r                              <\/div>\r              <div class=\"author-name-job\">\r                <h6 class=\"testimonial-title\" style=\"font-size:14px;color:#000000;text-transform:uppercase;letter-spacing:2px;font-style:normal;\">\r                  STROMBACH MICHAEL                <\/h6>\r                <span class=\"job-title\" style=\"font-size:13px;color:#000000;text-transform:none;font-style:normal;\">\r                                  <\/span>\r              <\/div>\r            <\/div>\r          <\/div>\r            <\/div>\r  \r  \r\r\r\r\r\r\r<div class=\"revaldak_empty_space\" data-heightmobile=\"20\" data-heighttablet=\"40\" data-heightdesktop=\"70\">\r\r\r\r<\/div>\r\r      \r\r\r\r\r\r\r\r        \r\r      \r\r    <\/div><\/div><\/div><div class=\"vc_row-full-width vc_clearfix\"><\/div><div data-vc-full-width=\"true\" data-vc-full-width-init=\"false\" class=\"vc_row wpb_row vc_row-fluid vc_custom_1626397239272 vc_row-has-fill vc_column-gap-35\"><div class=\"wpb_column vc_column_container vc_col-sm-4\" data-equalizer-watch><div class=\"wpb_wrapper\">\t\t<div class=\"wd-heading   text-left\" >\r\t\t\t\r      \r      <h2 style=\"margin:0;font-size:40px;color:#ffffff;\" >\r\t\t\t\t\tSolicite um Or\u00e7amento\t\t\t\t<\/h2>\r\r              <hr style='border-color: #49d0e5; margin: 20px 0;'\/>\r              <p style=\"font-size:16px;color:#ffffff;line-height:30px;\" >\r\t\t\t\t\tUtilize o formul\u00e1rio para entrar em contato conosco e solicitar o seu or\u00e7amento\t\t\t\t<\/p>\r      \r      \r    \t\t<\/div>\r\r\t\t<\/div><\/div><div class=\"wpb_column vc_column_container vc_col-sm-8\" data-equalizer-watch><div class=\"wpb_wrapper\">\n<div class=\"wpcf7 no-js\" id=\"wpcf7-f3279-o1\" lang=\"en-US\" dir=\"ltr\" data-wpcf7-id=\"3279\">\n<div class=\"screen-reader-response\"><p role=\"status\" aria-live=\"polite\" aria-atomic=\"true\"><\/p> <ul><\/ul><\/div>\n<form action=\"\/en\/wp-json\/wp\/v2\/pages\/22#wpcf7-f3279-o1\" method=\"post\" class=\"wpcf7-form init\" aria-label=\"Contact form\" novalidate=\"novalidate\" data-status=\"init\" data-trp-original-action=\"\/en\/wp-json\/wp\/v2\/pages\/22#wpcf7-f3279-o1\">\n<div style=\"display: none;\">\n<input type=\"hidden\" name=\"_wpcf7\" value=\"3279\" \/>\n<input type=\"hidden\" name=\"_wpcf7_version\" value=\"6.0.6\" \/>\n<input type=\"hidden\" name=\"_wpcf7_locale\" value=\"en_US\" \/>\n<input type=\"hidden\" name=\"_wpcf7_unit_tag\" value=\"wpcf7-f3279-o1\" \/>\n<input type=\"hidden\" name=\"_wpcf7_container_post\" value=\"0\" \/>\n<input type=\"hidden\" name=\"_wpcf7_posted_data_hash\" value=\"\" \/>\n<input type=\"hidden\" name=\"_wpcf7_recaptcha_response\" value=\"\" \/>\n<\/div>\n<div class=\"row\">\n\t<div class=\"large-6 columns\">\n\t\t<p><span class=\"wpcf7-form-control-wrap\" data-name=\"text-220\"><input size=\"40\" maxlength=\"400\" class=\"wpcf7-form-control wpcf7-text\" aria-invalid=\"false\" placeholder=\"Informe o produto\" value=\"\" type=\"text\" name=\"text-220\" \/><\/span>\n\t\t<\/p>\n\t<\/div>\n\t<div class=\"large-6 columns\">\n\t\t<p><span class=\"wpcf7-form-control-wrap\" data-name=\"text-767\"><input size=\"40\" maxlength=\"400\" class=\"wpcf7-form-control wpcf7-text\" aria-invalid=\"false\" placeholder=\"Informe o tamanho\" value=\"\" type=\"text\" name=\"text-767\" \/><\/span>\n\t\t<\/p>\n\t<\/div>\n\t<div class=\"large-6 columns\">\n\t\t<p><span class=\"wpcf7-form-control-wrap\" data-name=\"tel-916\"><input size=\"40\" maxlength=\"400\" class=\"wpcf7-form-control wpcf7-tel wpcf7-validates-as-required wpcf7-text wpcf7-validates-as-tel\" aria-required=\"true\" aria-invalid=\"false\" placeholder=\"Informe seu telefone\" value=\"\" type=\"tel\" name=\"tel-916\" \/><\/span>\n\t\t<\/p>\n\t<\/div>\n\t<div class=\"large-6 columns\">\n\t\t<p><span class=\"wpcf7-form-control-wrap\" data-name=\"email-912\"><input size=\"40\" maxlength=\"400\" class=\"wpcf7-form-control wpcf7-email wpcf7-validates-as-required wpcf7-text wpcf7-validates-as-email\" aria-required=\"true\" aria-invalid=\"false\" placeholder=\"Informe seu e-mail\" value=\"\" type=\"email\" name=\"email-912\" \/><\/span>\n\t\t<\/p>\n\t<\/div>\n\t<div class=\"large-12 columns\">\n\t\t<p><button type=\"submit\" class=\"contact-form-btn\">Solicitar<\/button>\n\t\t<\/p>\n\t<\/div>\n<\/div><p style=\"display: none !important;\" class=\"akismet-fields-container\" data-prefix=\"_wpcf7_ak_\"><label>\u0394<textarea name=\"_wpcf7_ak_hp_textarea\" cols=\"45\" rows=\"8\" maxlength=\"100\"><\/textarea><\/label><input type=\"hidden\" id=\"ak_js_1\" name=\"_wpcf7_ak_js\" value=\"196\"\/><script>document.getElementById( \"ak_js_1\" ).setAttribute( \"value\", ( new Date() ).getTime() );<\/script><\/p><div class=\"wpcf7-response-output\" aria-hidden=\"true\"><\/div>\n<input type=\"hidden\" name=\"trp-form-language\" value=\"en\"\/><\/form>\n<\/div>\n<\/div><\/div><\/div><div class=\"vc_row-full-width vc_clearfix\"><\/div>\n<\/div>","protected":false},"excerpt":{"rendered":"","protected":false},"author":1,"featured_media":0,"parent":0,"menu_order":0,"comment_status":"closed","ping_status":"closed","template":"","meta":{"_monsterinsights_skip_tracking":false,"_monsterinsights_sitenote_active":false,"_monsterinsights_sitenote_note":"","_monsterinsights_sitenote_category":0,"footnotes":""},"class_list":["post-22","page","type-page","status-publish","hentry"],"yoast_head":"<!-- This site is optimized with the Yoast SEO plugin v27.4 - https:\/\/yoast.com\/product\/yoast-seo-wordpress\/ -->\n<title>Sobre N\u00f3s - Ideia Gr\u00e1fica e Brindes<\/title>\n<meta name=\"description\" content=\"Somos uma empresa que atua, h\u00e1 10 anos, nos segmentos gr\u00e1fico com um amplo portf\u00f3lio de brindes e impressos personalizados.\" \/>\n<meta name=\"robots\" content=\"index, follow, max-snippet:-1, max-image-preview:large, max-video-preview:-1\" \/>\n<link rel=\"canonical\" href=\"https:\/\/ideiagraficaebrindes.com.br\/en\/sobre-nos\/\" \/>\n<meta property=\"og:locale\" content=\"en_US\" \/>\n<meta property=\"og:type\" content=\"article\" \/>\n<meta property=\"og:title\" content=\"Sobre N\u00f3s - Ideia Gr\u00e1fica e Brindes\" \/>\n<meta property=\"og:description\" content=\"Somos uma empresa que atua, h\u00e1 10 anos, nos segmentos gr\u00e1fico com um amplo portf\u00f3lio de brindes e impressos personalizados.\" \/>\n<meta property=\"og:url\" content=\"https:\/\/ideiagraficaebrindes.com.br\/en\/sobre-nos\/\" \/>\n<meta property=\"og:site_name\" content=\"Ideia Gr\u00e1fica e Brindes\" \/>\n<meta property=\"article:modified_time\" content=\"2021-07-16T01:14:55+00:00\" \/>\n<meta name=\"twitter:card\" content=\"summary_large_image\" \/>\n<meta name=\"twitter:label1\" content=\"Est. reading time\" \/>\n\t<meta name=\"twitter:data1\" content=\"3 minutes\" \/>\n<script type=\"application\/ld+json\" class=\"yoast-schema-graph\">{\"@context\":\"https:\\\/\\\/schema.org\",\"@graph\":[{\"@type\":\"WebPage\",\"@id\":\"https:\\\/\\\/ideiagraficaebrindes.com.br\\\/en\\\/sobre-nos\\\/\",\"url\":\"https:\\\/\\\/ideiagraficaebrindes.com.br\\\/en\\\/sobre-nos\\\/\",\"name\":\"Sobre N\u00f3s - Ideia Gr\u00e1fica e Brindes\",\"isPartOf\":{\"@id\":\"https:\\\/\\\/ideiagraficaebrindes.com.br\\\/#website\"},\"datePublished\":\"2016-05-10T11:56:43+00:00\",\"dateModified\":\"2021-07-16T01:14:55+00:00\",\"description\":\"Somos uma empresa que atua, h\u00e1 10 anos, nos segmentos gr\u00e1fico com um amplo portf\u00f3lio de brindes e impressos personalizados.\",\"breadcrumb\":{\"@id\":\"https:\\\/\\\/ideiagraficaebrindes.com.br\\\/en\\\/sobre-nos\\\/#breadcrumb\"},\"inLanguage\":\"en-US\",\"potentialAction\":[{\"@type\":\"ReadAction\",\"target\":[\"https:\\\/\\\/ideiagraficaebrindes.com.br\\\/en\\\/sobre-nos\\\/\"]}]},{\"@type\":\"BreadcrumbList\",\"@id\":\"https:\\\/\\\/ideiagraficaebrindes.com.br\\\/en\\\/sobre-nos\\\/#breadcrumb\",\"itemListElement\":[{\"@type\":\"ListItem\",\"position\":1,\"name\":\"In\u00edcio\",\"item\":\"https:\\\/\\\/ideiagraficaebrindes.com.br\\\/\"},{\"@type\":\"ListItem\",\"position\":2,\"name\":\"Sobre N\u00f3s\"}]},{\"@type\":\"WebSite\",\"@id\":\"https:\\\/\\\/ideiagraficaebrindes.com.br\\\/#website\",\"url\":\"https:\\\/\\\/ideiagraficaebrindes.com.br\\\/\",\"name\":\"Ideia Gr\u00e1fica e Brindes\",\"description\":\"Brindes Personalizados e Impress\u00e3o em geral\",\"potentialAction\":[{\"@type\":\"SearchAction\",\"target\":{\"@type\":\"EntryPoint\",\"urlTemplate\":\"https:\\\/\\\/ideiagraficaebrindes.com.br\\\/?s={search_term_string}\"},\"query-input\":{\"@type\":\"PropertyValueSpecification\",\"valueRequired\":true,\"valueName\":\"search_term_string\"}}],\"inLanguage\":\"en-US\"}]}<\/script>\n<!-- \/ Yoast SEO plugin. -->","yoast_head_json":{"title":"Sobre N\u00f3s - Ideia Gr\u00e1fica e Brindes","description":"Somos uma empresa que atua, h\u00e1 10 anos, nos segmentos gr\u00e1fico com um amplo portf\u00f3lio de brindes e impressos personalizados.","robots":{"index":"index","follow":"follow","max-snippet":"max-snippet:-1","max-image-preview":"max-image-preview:large","max-video-preview":"max-video-preview:-1"},"canonical":"https:\/\/ideiagraficaebrindes.com.br\/en\/sobre-nos\/","og_locale":"en_US","og_type":"article","og_title":"Sobre N\u00f3s - Ideia Gr\u00e1fica e Brindes","og_description":"Somos uma empresa que atua, h\u00e1 10 anos, nos segmentos gr\u00e1fico com um amplo portf\u00f3lio de brindes e impressos personalizados.","og_url":"https:\/\/ideiagraficaebrindes.com.br\/en\/sobre-nos\/","og_site_name":"Ideia Gr\u00e1fica e Brindes","article_modified_time":"2021-07-16T01:14:55+00:00","twitter_card":"summary_large_image","twitter_misc":{"Est. reading time":"3 minutes"},"schema":{"@context":"https:\/\/schema.org","@graph":[{"@type":"WebPage","@id":"https:\/\/ideiagraficaebrindes.com.br\/en\/sobre-nos\/","url":"https:\/\/ideiagraficaebrindes.com.br\/en\/sobre-nos\/","name":"Sobre N\u00f3s - Ideia Gr\u00e1fica e Brindes","isPartOf":{"@id":"https:\/\/ideiagraficaebrindes.com.br\/#website"},"datePublished":"2016-05-10T11:56:43+00:00","dateModified":"2021-07-16T01:14:55+00:00","description":"Somos uma empresa que atua, h\u00e1 10 anos, nos segmentos gr\u00e1fico com um amplo portf\u00f3lio de brindes e impressos personalizados.","breadcrumb":{"@id":"https:\/\/ideiagraficaebrindes.com.br\/en\/sobre-nos\/#breadcrumb"},"inLanguage":"en-US","potentialAction":[{"@type":"ReadAction","target":["https:\/\/ideiagraficaebrindes.com.br\/en\/sobre-nos\/"]}]},{"@type":"BreadcrumbList","@id":"https:\/\/ideiagraficaebrindes.com.br\/en\/sobre-nos\/#breadcrumb","itemListElement":[{"@type":"ListItem","position":1,"name":"In\u00edcio","item":"https:\/\/ideiagraficaebrindes.com.br\/"},{"@type":"ListItem","position":2,"name":"Sobre N\u00f3s"}]},{"@type":"WebSite","@id":"https:\/\/ideiagraficaebrindes.com.br\/#website","url":"https:\/\/ideiagraficaebrindes.com.br\/","name":"Ideia Gr\u00e1fica e Brindes","description":"Brindes Personalizados e Impress\u00e3o em geral","potentialAction":[{"@type":"SearchAction","target":{"@type":"EntryPoint","urlTemplate":"https:\/\/ideiagraficaebrindes.com.br\/?s={search_term_string}"},"query-input":{"@type":"PropertyValueSpecification","valueRequired":true,"valueName":"search_term_string"}}],"inLanguage":"en-US"}]}},"_links":{"self":[{"href":"https:\/\/ideiagraficaebrindes.com.br\/en\/wp-json\/wp\/v2\/pages\/22","targetHints":{"allow":["GET"]}}],"collection":[{"href":"https:\/\/ideiagraficaebrindes.com.br\/en\/wp-json\/wp\/v2\/pages"}],"about":[{"href":"https:\/\/ideiagraficaebrindes.com.br\/en\/wp-json\/wp\/v2\/types\/page"}],"author":[{"embeddable":true,"href":"https:\/\/ideiagraficaebrindes.com.br\/en\/wp-json\/wp\/v2\/users\/1"}],"replies":[{"embeddable":true,"href":"https:\/\/ideiagraficaebrindes.com.br\/en\/wp-json\/wp\/v2\/comments?post=22"}],"version-history":[{"count":18,"href":"https:\/\/ideiagraficaebrindes.com.br\/en\/wp-json\/wp\/v2\/pages\/22\/revisions"}],"predecessor-version":[{"id":6616,"href":"https:\/\/ideiagraficaebrindes.com.br\/en\/wp-json\/wp\/v2\/pages\/22\/revisions\/6616"}],"wp:attachment":[{"href":"https:\/\/ideiagraficaebrindes.com.br\/en\/wp-json\/wp\/v2\/media?parent=22"}],"curies":[{"name":"wp","href":"https:\/\/api.w.org\/{rel}","templated":true}]}}